{"id":1089,"date":"2016-11-30T15:02:44","date_gmt":"2016-11-30T14:02:44","guid":{"rendered":"http:\/\/fernwehkinder.de\/?page_id=1089"},"modified":"2016-11-30T15:04:39","modified_gmt":"2016-11-30T14:04:39","slug":"kids-tourer-m2","status":"publish","type":"page","link":"http:\/\/fernwehkinder.de\/?page_id=1089","title":{"rendered":"Kid&#8217;s Tourer M2"},"content":{"rendered":"<figure id=\"attachment_1050\" aria-describedby=\"caption-attachment-1050\" style=\"width: 225px\" class=\"wp-caption alignleft\"><img loading=\"lazy\" decoding=\"async\" class=\"wp-image-1050 size-medium\" src=\"http:\/\/fernwehkinder.de\/wp-content\/uploads\/2016\/09\/kidstourer-225x300.jpg\" alt=\"kidstourer\" width=\"225\" height=\"300\" srcset=\"http:\/\/fernwehkinder.de\/wp-content\/uploads\/2016\/09\/kidstourer-225x300.jpg 225w, http:\/\/fernwehkinder.de\/wp-content\/uploads\/2016\/09\/kidstourer.jpg 720w\" sizes=\"auto, (max-width: 225px) 100vw, 225px\" \/><figcaption id=\"caption-attachment-1050\" class=\"wp-caption-text\">Aostatal 2012<\/figcaption><\/figure>\n<figure id=\"attachment_1271\" aria-describedby=\"caption-attachment-1271\" style=\"width: 300px\" class=\"wp-caption alignright\"><img loading=\"lazy\" decoding=\"async\" class=\"wp-image-1271 size-medium\" src=\"http:\/\/fernwehkinder.de\/wp-content\/uploads\/2016\/09\/PB160131-300x225.jpg\" alt=\"OLYMPUS DIGITAL CAMERA\" width=\"300\" height=\"225\" srcset=\"http:\/\/fernwehkinder.de\/wp-content\/uploads\/2016\/09\/PB160131-300x225.jpg 300w, http:\/\/fernwehkinder.de\/wp-content\/uploads\/2016\/09\/PB160131-768x576.jpg 768w, http:\/\/fernwehkinder.de\/wp-content\/uploads\/2016\/09\/PB160131-1024x768.jpg 1024w\" sizes=\"auto, (max-width: 300px) 100vw, 300px\" \/><figcaption id=\"caption-attachment-1271\" class=\"wp-caption-text\">Unterwegs zum Babyschwimmen<\/figcaption><\/figure>\n<p>Fahrradanh\u00e4nger und Buggy\u00a0in einem ist f\u00fcr uns seit \u00fcber vier Jahren der M2 von <a href=\"https:\/\/www.facebook.com\/KidsTouring\/?fref=ts\">Kid&#8217;s Touring<\/a>.<\/p>\n<p>Nach langer Suche und ausf\u00fchrlichem Vergleich vieler Fahrradanh\u00e4nger hatte ich mich f\u00fcr den Kid&#8217;s Tourer entschieden. Er hat zwei Sitzpl\u00e4tze, eine Sicherheits-Aluwanne, gut gesch\u00fctzte R\u00e4der und ist Made in Germany. Ich habe diese Entscheidung nicht bereut.<\/p>\n<p>Das eigens f\u00fcr mich entwickelte Wanderset (2 Teleskopstangen, H\u00fcftgurt) hat sich leider nicht bew\u00e4hrt.\u00a0Zwischen Fahrradanh\u00e4nger und Skaterset wechsele ich regelm\u00e4\u00dfig, ich habe an beiden Fahrr\u00e4dern Weberkupplungen, kann also schnell das Zugfahrzeug tauschen.<\/p>\n<p>Kaum ein Ausr\u00fcstungsteil wurde so belastet wie dieses:<\/p>\n<figure id=\"attachment_561\" aria-describedby=\"caption-attachment-561\" style=\"width: 300px\" class=\"wp-caption alignright\"><img loading=\"lazy\" decoding=\"async\" class=\"wp-image-561 size-medium\" src=\"http:\/\/fernwehkinder.de\/wp-content\/uploads\/2016\/08\/20160812_125719-300x169.jpg\" alt=\"20160812_125719\" width=\"300\" height=\"169\" srcset=\"http:\/\/fernwehkinder.de\/wp-content\/uploads\/2016\/08\/20160812_125719-300x169.jpg 300w, http:\/\/fernwehkinder.de\/wp-content\/uploads\/2016\/08\/20160812_125719-768x432.jpg 768w, http:\/\/fernwehkinder.de\/wp-content\/uploads\/2016\/08\/20160812_125719-1024x576.jpg 1024w\" sizes=\"auto, (max-width: 300px) 100vw, 300px\" \/><figcaption id=\"caption-attachment-561\" class=\"wp-caption-text\">Mullerthal 2016<\/figcaption><\/figure>\n<ul>\n<li>Er war zu Babyzeiten von Aurelia und den Zwillingen fast t\u00e4glich als Anh\u00e4nger Richtung Spielgruppe, Einkaufen, Babyschwimmen, Pekip,&#8230; unterwegs<\/li>\n<li>Auch ohne Kinder leistete er mir an manchen Tagen gute Dienste, wenn ich nach einem langen eBay-Wochenende zur Packstation fuhr (er fasst mehr Pakete als der Kofferaum von Omas Auto)<\/li>\n<li>Er war zur Recherche und bei Ausfl\u00fcgen, als Fahrradanh\u00e4nger und Buggy mit auf der Via Francigena, auf dem G\u00f6tterweg, auf der Via Coloniensis, auf dem franz\u00f6sischen Jakobsweg, auf der Bonifatius-Route, auf Messen, in der Eifel, im Rheinland, in England, in Luxemburg, in der Schweiz,&#8230;<\/li>\n<li>Auf dem Jakobsweg schob Herbert ihn durch so dicken Matsch, dass dieser unter den Mantel und unter das Felgenschutzband gedr\u00fcckt wurde und ich nicht mehr helfen konnte, weil ich bis zur Mitte der Oberschenkel im Schlamm versank.<\/li>\n<li>In der Eifel schoben und zogen wir ihn durch h\u00fcfthohen Neuschnee und schlidderten damit \u00fcber einen zugefrorenen Weiher.\n<p><figure id=\"attachment_17\" aria-describedby=\"caption-attachment-17\" style=\"width: 300px\" class=\"wp-caption alignright\"><img loading=\"lazy\" decoding=\"async\" class=\"size-medium wp-image-17\" src=\"http:\/\/fernwehkinder.de\/wp-content\/uploads\/2016\/03\/PC030858-300x225.jpg\" alt=\"OLYMPUS DIGITAL CAMERA\" width=\"300\" height=\"225\" srcset=\"http:\/\/fernwehkinder.de\/wp-content\/uploads\/2016\/03\/PC030858-300x225.jpg 300w, http:\/\/fernwehkinder.de\/wp-content\/uploads\/2016\/03\/PC030858-768x576.jpg 768w, http:\/\/fernwehkinder.de\/wp-content\/uploads\/2016\/03\/PC030858-1024x768.jpg 1024w, http:\/\/fernwehkinder.de\/wp-content\/uploads\/2016\/03\/PC030858-1200x900.jpg 1200w\" sizes=\"auto, (max-width: 300px) 100vw, 300px\" \/><figcaption id=\"caption-attachment-17\" class=\"wp-caption-text\">In Siena 2015<\/figcaption><\/figure><\/li>\n<li>Zweimal l\u00f6ste er sich bei Fahrradst\u00fcrzen von der Deichsel und \u00fcberschlug sich. Beide Male (einmal am Genfer See und einmal in den italienischen Alpen) war ich nach dem Sturz ziemlich verbeult und blutete, w\u00e4hrend Aurelia (angeschnallt) in dem nun fast Kugel-f\u00f6rmigen Gef\u00e4hrt einen Salto drehte, vor Freude quietschte und einmal sogar in die H\u00e4nde klatschte &#8222;Mama, nochmal! Hui!&#8220;<\/li>\n<li>Im Fr\u00fchjahr 2016 half er mit ausgebautem Sitz unserem alten <a href=\"http:\/\/fernwehkinder.de\/?p=67\">Maxim<\/a>, noch einmal bei einer Wanderung dabei sein zu d\u00fcrfen.<\/li>\n<\/ul>\n<p>Nach diesem H\u00e4rtetest in allen Jahreszeiten kann ich sagen: Die robuste Wanne war perfekt, bei jedem anderen Material h\u00e4tten wir l\u00e4ngst L\u00f6cher im Boden. Die Konstruktion ist robust und auch noch nach vier Jahren Extrembelastung stabil.<\/p>\n<p>Nur an zwei kleinen Stellen muss ich Abstriche machen: (1) Das Verdeck ist so stramm angepasst, dass mir\u00a0im Herbst\/Winter mit kalten H\u00e4nden die Kraft fehlt, um die Druckkn\u00f6pfe zu zu machen, die das Regenverdeck mit dem Wagen verbinden. (2) Der verstellbare\u00a0Griff, mit dem der Kid&#8217;s Tourer geschoben wird, l\u00e4sst sich nur schwer montieren und demontieren, ich klemme mir immer die Haut ein, wenn ich den Pin durch das Loch dr\u00fccken muss.<\/p>\n<hr \/>\n<p>Der Kid&#8217;s Tourer M2 kostet aktuell zwischen 600 und 700 Euro, ich habe ihn 2012 g\u00fcnstig f\u00fcr knapp 360 Euro kaufen k\u00f6nnen.<\/p>\n<hr \/>\n<p>Wir haben den Kid&#8217;s Tourer seit Anfang Mai 2012<\/p>\n<hr \/>\n<p>Stand: November 2016<\/p>\n<figure id=\"attachment_1064\" aria-describedby=\"caption-attachment-1064\" style=\"width: 300px\" class=\"wp-caption alignleft\"><img loading=\"lazy\" decoding=\"async\" class=\"wp-image-1064 size-medium\" src=\"http:\/\/fernwehkinder.de\/wp-content\/uploads\/2016\/09\/Bild-400-300x225.jpg\" alt=\"Bild 400\" width=\"300\" height=\"225\" srcset=\"http:\/\/fernwehkinder.de\/wp-content\/uploads\/2016\/09\/Bild-400-300x225.jpg 300w, http:\/\/fernwehkinder.de\/wp-content\/uploads\/2016\/09\/Bild-400-768x576.jpg 768w, http:\/\/fernwehkinder.de\/wp-content\/uploads\/2016\/09\/Bild-400-1024x768.jpg 1024w\" sizes=\"auto, (max-width: 300px) 100vw, 300px\" \/><figcaption id=\"caption-attachment-1064\" class=\"wp-caption-text\">Citroen Welttreffen in Yorkshire 2012<\/figcaption><\/figure>\n<figure id=\"attachment_1047\" aria-describedby=\"caption-attachment-1047\" style=\"width: 225px\" class=\"wp-caption alignright\"><img loading=\"lazy\" decoding=\"async\" class=\"wp-image-1047 size-medium\" src=\"http:\/\/fernwehkinder.de\/wp-content\/uploads\/2016\/09\/Bild-008-225x300.jpg\" alt=\"Bild 008\" width=\"225\" height=\"300\" srcset=\"http:\/\/fernwehkinder.de\/wp-content\/uploads\/2016\/09\/Bild-008-225x300.jpg 225w, http:\/\/fernwehkinder.de\/wp-content\/uploads\/2016\/09\/Bild-008-768x1024.jpg 768w\" sizes=\"auto, (max-width: 225px) 100vw, 225px\" \/><figcaption id=\"caption-attachment-1047\" class=\"wp-caption-text\">Buchmesse 2012<\/figcaption><\/figure>\n<figure id=\"attachment_1052\" aria-describedby=\"caption-attachment-1052\" style=\"width: 300px\" class=\"wp-caption alignleft\"><img loading=\"lazy\" decoding=\"async\" class=\"wp-image-1052 size-medium\" src=\"http:\/\/fernwehkinder.de\/wp-content\/uploads\/2016\/09\/P1000021-300x225.jpg\" alt=\"P1000021\" width=\"300\" height=\"225\" srcset=\"http:\/\/fernwehkinder.de\/wp-content\/uploads\/2016\/09\/P1000021-300x225.jpg 300w, http:\/\/fernwehkinder.de\/wp-content\/uploads\/2016\/09\/P1000021-768x576.jpg 768w, http:\/\/fernwehkinder.de\/wp-content\/uploads\/2016\/09\/P1000021-1024x768.jpg 1024w\" sizes=\"auto, (max-width: 300px) 100vw, 300px\" \/><figcaption id=\"caption-attachment-1052\" class=\"wp-caption-text\">Mobile Packstation<\/figcaption><\/figure>\n","protected":false},"excerpt":{"rendered":"<p>Fahrradanh\u00e4nger und Buggy\u00a0in einem ist f\u00fcr uns seit \u00fcber vier Jahren der M2 von Kid&#8217;s Touring. Nach langer Suche und ausf\u00fchrlichem Vergleich vieler&#8230;<\/p>\n","protected":false},"author":1,"featured_media":0,"parent":498,"menu_order":0,"comment_status":"closed","ping_status":"closed","template":"","meta":{"jetpack_post_was_ever_published":false,"footnotes":""},"class_list":["post-1089","page","type-page","status-publish","hentry"],"jetpack_sharing_enabled":true,"jetpack-related-posts":[],"jetpack_likes_enabled":true,"_links":{"self":[{"href":"http:\/\/fernwehkinder.de\/index.php?rest_route=\/wp\/v2\/pages\/1089","targetHints":{"allow":["GET"]}}],"collection":[{"href":"http:\/\/fernwehkinder.de\/index.php?rest_route=\/wp\/v2\/pages"}],"about":[{"href":"http:\/\/fernwehkinder.de\/index.php?rest_route=\/wp\/v2\/types\/page"}],"author":[{"embeddable":true,"href":"http:\/\/fernwehkinder.de\/index.php?rest_route=\/wp\/v2\/users\/1"}],"replies":[{"embeddable":true,"href":"http:\/\/fernwehkinder.de\/index.php?rest_route=%2Fwp%2Fv2%2Fcomments&post=1089"}],"version-history":[{"count":0,"href":"http:\/\/fernwehkinder.de\/index.php?rest_route=\/wp\/v2\/pages\/1089\/revisions"}],"up":[{"embeddable":true,"href":"http:\/\/fernwehkinder.de\/index.php?rest_route=\/wp\/v2\/pages\/498"}],"wp:attachment":[{"href":"http:\/\/fernwehkinder.de\/index.php?rest_route=%2Fwp%2Fv2%2Fmedia&parent=1089"}],"curies":[{"name":"wp","href":"https:\/\/api.w.org\/{rel}","templated":true}]}}