{"id":1117,"date":"2016-09-08T22:17:42","date_gmt":"2016-09-08T20:17:42","guid":{"rendered":"http:\/\/fernwehkinder.de\/?page_id=1117"},"modified":"2016-11-02T20:57:45","modified_gmt":"2016-11-02T19:57:45","slug":"buzzidil-babytrage-xl","status":"publish","type":"page","link":"http:\/\/fernwehkinder.de\/?page_id=1117","title":{"rendered":"Buzzidil Babytrage XL"},"content":{"rendered":"<p><img loading=\"lazy\" decoding=\"async\" class=\"size-medium wp-image-846 alignleft\" src=\"http:\/\/fernwehkinder.de\/wp-content\/uploads\/2016\/08\/20160711_091813-300x169.jpg\" alt=\"20160711_091813\" width=\"300\" height=\"169\" srcset=\"http:\/\/fernwehkinder.de\/wp-content\/uploads\/2016\/08\/20160711_091813-300x169.jpg 300w, http:\/\/fernwehkinder.de\/wp-content\/uploads\/2016\/08\/20160711_091813-768x432.jpg 768w, http:\/\/fernwehkinder.de\/wp-content\/uploads\/2016\/08\/20160711_091813-1024x576.jpg 1024w, http:\/\/fernwehkinder.de\/wp-content\/uploads\/2016\/08\/20160711_091813.jpg 1920w\" sizes=\"auto, (max-width: 300px) 100vw, 300px\" \/>Als Aurelia nicht mehr in den geliebten\u00a0<a href=\"http:\/\/fernwehkinder.de\/?page_id=1119\">Bondolino <\/a>passte, ging bei uns das Experimentieren los. Am Ende hatte ich neun verschiedene Tragen und einen Ringsling. Der <a href=\"https:\/\/shop.buzzidil.com\/buzzidil-babytragen\/limited-edition-xl.html\">Buzzidil <\/a>XL\u00a0war einer davon.<\/p>\n<p>Ein Frustkauf, weil es mich bei den Maitais \u00e4rgerte, dass ich die B\u00e4nder immer durch den Matsch zog, wenn ich bei einer Wanderung die Trage an- oder ablegte. Der Buzzidil ist n\u00e4mlich ein FullBuckle, d.h. er hat keine B\u00e4nder, die geknotet werden m\u00fcssen, sondern eine gro\u00dfe Schnalle\u00a0unten und eine kleine Schnalle oben, die\u00a0nur eingeklickt werden m\u00fcssen.<\/p>\n<p><img loading=\"lazy\" decoding=\"async\" class=\"size-medium wp-image-632 alignright\" src=\"http:\/\/fernwehkinder.de\/wp-content\/uploads\/2016\/08\/P8130257-300x225.jpg\" alt=\"OLYMPUS DIGITAL CAMERA\" width=\"300\" height=\"225\" srcset=\"http:\/\/fernwehkinder.de\/wp-content\/uploads\/2016\/08\/P8130257-300x225.jpg 300w, http:\/\/fernwehkinder.de\/wp-content\/uploads\/2016\/08\/P8130257-768x576.jpg 768w, http:\/\/fernwehkinder.de\/wp-content\/uploads\/2016\/08\/P8130257-1024x768.jpg 1024w\" sizes=\"auto, (max-width: 300px) 100vw, 300px\" \/><\/p>\n<p>Die vielen Verstellm\u00f6glichkeiten machen das Tragen auch bei stundenlangen Wanderungen f\u00fcr Tr\u00e4gerin und Tragling super bequem, der weiche Tragetuchstoff tut sein \u00fcbriges. Entsprechend ist der Buzzidil auch bei den Zwillingen fast immer dabei. Ich trage ihn dann hinten, weil es die gr\u00f6\u00dfte meiner Tragen ist und deshalb das Kind sehr tief sitzt, das sch\u00fctzt den Kopf besser beim Tragen auf dem R\u00fccken.<\/p>\n<p><img loading=\"lazy\" decoding=\"async\" class=\"size-medium wp-image-644 alignleft\" src=\"http:\/\/fernwehkinder.de\/wp-content\/uploads\/2016\/08\/P8150547-300x225.jpg\" alt=\"OLYMPUS DIGITAL CAMERA\" width=\"300\" height=\"225\" \/><\/p>\n<p>Er war bei unserer <a href=\"http:\/\/fernwehkinder.de\/?p=609\">Eifelrecherche <\/a>im August 2016 Silkes Lieblingstrage und liegt momentan als Nottrage im Gep\u00e4cknetz unseres Buggys.<\/p>\n<p>Aurelia passt sogar jetzt noch rein, und das bei 112 cm K\u00f6rperl\u00e4nge. Dennoch bin ich froh, dass sie nur im absoluten Ausnahmefall noch getragen werden muss. Sie wiegt inzwischen 18 kg und das ist trotz perfekter Trage ziemlich schwer.<\/p>\n<p>&nbsp;<\/p>\n<hr \/>\n<p>Im Buzzidil <a href=\"https:\/\/shop.buzzidil.com\/buzzidil-babytragen\/limited-edition-xl.html\">Shop <\/a>kostete er 149 \u20ac.<\/p>\n<hr \/>\n<p>Ich habe den Buzzidil Ende 2012 \u00a0gekauft.<\/p>\n<hr \/>\n<p>Stand: September\u00a02016<\/p>\n","protected":false},"excerpt":{"rendered":"<p>Als Aurelia nicht mehr in den geliebten\u00a0Bondolino passte, ging bei uns das Experimentieren los. Am Ende hatte ich neun verschiedene Tragen und einen&#8230;<\/p>\n","protected":false},"author":1,"featured_media":0,"parent":498,"menu_order":0,"comment_status":"closed","ping_status":"closed","template":"","meta":{"jetpack_post_was_ever_published":false,"footnotes":""},"class_list":["post-1117","page","type-page","status-publish","hentry"],"jetpack_sharing_enabled":true,"jetpack-related-posts":[],"jetpack_likes_enabled":true,"_links":{"self":[{"href":"http:\/\/fernwehkinder.de\/index.php?rest_route=\/wp\/v2\/pages\/1117","targetHints":{"allow":["GET"]}}],"collection":[{"href":"http:\/\/fernwehkinder.de\/index.php?rest_route=\/wp\/v2\/pages"}],"about":[{"href":"http:\/\/fernwehkinder.de\/index.php?rest_route=\/wp\/v2\/types\/page"}],"author":[{"embeddable":true,"href":"http:\/\/fernwehkinder.de\/index.php?rest_route=\/wp\/v2\/users\/1"}],"replies":[{"embeddable":true,"href":"http:\/\/fernwehkinder.de\/index.php?rest_route=%2Fwp%2Fv2%2Fcomments&post=1117"}],"version-history":[{"count":1,"href":"http:\/\/fernwehkinder.de\/index.php?rest_route=\/wp\/v2\/pages\/1117\/revisions"}],"predecessor-version":[{"id":8125,"href":"http:\/\/fernwehkinder.de\/index.php?rest_route=\/wp\/v2\/pages\/1117\/revisions\/8125"}],"up":[{"embeddable":true,"href":"http:\/\/fernwehkinder.de\/index.php?rest_route=\/wp\/v2\/pages\/498"}],"wp:attachment":[{"href":"http:\/\/fernwehkinder.de\/index.php?rest_route=%2Fwp%2Fv2%2Fmedia&parent=1117"}],"curies":[{"name":"wp","href":"https:\/\/api.w.org\/{rel}","templated":true}]}}