{"id":1119,"date":"2016-09-08T23:16:33","date_gmt":"2016-09-08T21:16:33","guid":{"rendered":"http:\/\/fernwehkinder.de\/?page_id=1119"},"modified":"2016-11-02T20:59:09","modified_gmt":"2016-11-02T19:59:09","slug":"hoppediz-bondolino-popeline-walnuss-klecks","status":"publish","type":"page","link":"http:\/\/fernwehkinder.de\/?page_id=1119","title":{"rendered":"Hoppediz Bondolino Popeline Walnuss-Klecks"},"content":{"rendered":"<p><img loading=\"lazy\" decoding=\"async\" class=\"size-medium wp-image-1121 alignleft\" src=\"http:\/\/fernwehkinder.de\/wp-content\/uploads\/2016\/09\/Kopie-von-Schweiz-Italien-Mai-Juni-2012-763-225x300.jpg\" alt=\"Kopie von Schweiz-Italien Mai-Juni 2012 763\" width=\"225\" height=\"300\" srcset=\"http:\/\/fernwehkinder.de\/wp-content\/uploads\/2016\/09\/Kopie-von-Schweiz-Italien-Mai-Juni-2012-763-225x300.jpg 225w, http:\/\/fernwehkinder.de\/wp-content\/uploads\/2016\/09\/Kopie-von-Schweiz-Italien-Mai-Juni-2012-763-768x1024.jpg 768w\" sizes=\"auto, (max-width: 225px) 100vw, 225px\" \/>Durch den <a href=\"http:\/\/www.hoppediz.de\/de\/tragehilfen\/bondolino\">Bondolino <\/a>bin ich zur Tragemama geworden.<\/p>\n<p>Man sollte meinen, die langen B\u00e4nder\u00a0k\u00f6nnten mich abschrecken, aber sie sind ruck-zuck um den K\u00f6rper geschwungen und unter den Beinen des Traglings gebunden. Wenn ihr meine Tragebilder anseht, wir der Bondolino \u00fcberproportional h\u00e4ufig\u00a0zu sehen sein, weil wir ihn sehr oft dabei hatten.<\/p>\n<p>Der Stoff ist herrlich luftig-leicht, was gerade bei den Recherchen in Italien wichtig war, damit Tr\u00e4ger und Tragling nicht vor Hitze eingehen. Babys Kniekehlen sind perfekt abgepolstert, ebenso Mamas Schultern. Das lustige Klecksmuster gef\u00e4llt mir sehr gut, dennoch ist die Farbe dezent und passt zu unseren Outdoor-Aktivit\u00e4ten.\u00a0In das T\u00e4schlein \u00fcber meiner rechten Hand passt genau mein Portemonnaie oder ein GPS oder ein P\u00e4ckchen Taschent\u00fccher.<\/p>\n<p><img loading=\"lazy\" decoding=\"async\" class=\"size-medium wp-image-1120 alignright\" src=\"http:\/\/fernwehkinder.de\/wp-content\/uploads\/2016\/09\/Bild-645-300x225.jpg\" alt=\"Bild 645\" width=\"300\" height=\"225\" srcset=\"http:\/\/fernwehkinder.de\/wp-content\/uploads\/2016\/09\/Bild-645-300x225.jpg 300w, http:\/\/fernwehkinder.de\/wp-content\/uploads\/2016\/09\/Bild-645-768x576.jpg 768w, http:\/\/fernwehkinder.de\/wp-content\/uploads\/2016\/09\/Bild-645-1024x768.jpg 1024w\" sizes=\"auto, (max-width: 300px) 100vw, 300px\" \/>Wenn Papa tragen sollte, kam keine andere Trage in Frage, selbst zur Milamai lie\u00df er sich nur bequatschen, wenn der Bondolino mehr als 100 km entfernt war.<\/p>\n<p>Ich trage den Bondolino ausschlie\u00dflich vorne, weil die B\u00e4nder hinter dem R\u00fccken von einem Kunststoffteil \u00fcber Kreuz gehalten werden. Das erleichtert mir das Anlegen, aber ich m\u00fcsste die B\u00e4nder herausfummeln, wenn ich die Trage auf dem R\u00fccken verwenden wollte. Das f\u00fchrt dazu, dass ich ihn bei Aurelia nur bis etwa 2 Jahre verwendet habe.\u00a0<img loading=\"lazy\" decoding=\"async\" class=\" wp-image-1045 alignleft\" src=\"http:\/\/fernwehkinder.de\/wp-content\/uploads\/2016\/09\/upload-8.12.12-405-300x225.jpg\" alt=\"upload 8.12.12 405\" width=\"323\" height=\"243\" srcset=\"http:\/\/fernwehkinder.de\/wp-content\/uploads\/2016\/09\/upload-8.12.12-405-300x225.jpg 300w, http:\/\/fernwehkinder.de\/wp-content\/uploads\/2016\/09\/upload-8.12.12-405-768x576.jpg 768w, http:\/\/fernwehkinder.de\/wp-content\/uploads\/2016\/09\/upload-8.12.12-405-1024x768.jpg 1024w\" sizes=\"auto, (max-width: 323px) 100vw, 323px\" \/><\/p>\n<p>Wenn ich \u00fcberhaupt irgendetwas zu\u00a0der Trage sagen soll, was nicht ausschlie\u00dflich positiv ist, dann das: Wenn mir mein Tragling im Bondolino eingeschlafen ist und ich den Kopfschutz hochlegen will, weckt das L\u00f6sen des Klettverschlusses manchmal das Kind. Will ich das schlafende Baby am Ende einer Tour leise aus der Trage holen, muss ich in den Nachbarraum gehen, um die Trage von meinem K\u00f6rper zu trennen. Denn der Klettverschluss um den Bauch ist so stark, dass beim \u00d6ffnen ein sehr lautes Ratschen h\u00f6ren ist.<\/p>\n<p>Das passende <a href=\"http:\/\/www.hoppediz.de\/de\/fleece-cover-3in1.html\">Fleece Cover 3 in 1<\/a> gegen K\u00e4lte und N\u00e4sse benutze ich kaum, f\u00fcr mich haben sich\u00a0<a href=\"http:\/\/fernwehkinder.de\/?page_id=968\">Tragejacken <\/a>als zweckm\u00e4\u00dfiger erwiesen.<\/p>\n<hr \/>\n<p>Im <a href=\"http:\/\/www.hoppediz.de\/de\/bondolino-popeline.html\">Shop <\/a>von Hoppediz\u00a0kostet mein Modell\u00a0in Popeline 99 \u20ac. Ich habe den Bondolino als Rechercheexemplar erhalten.<\/p>\n<hr \/>\n<p>Der Bondolino ist bei uns seit Fr\u00fchjahr 2012 in Gebrauch. Er musste einmal ausgetauscht werden, weil ich vergessen hatte,\u00a0in mit geschlossenen Klettverschl\u00fcssen zu waschen und diese nicht mehr richtig griffen. Das ist aber ein Userfehler und kein Qualit\u00e4tsmangel.<\/p>\n<hr \/>\n<p>Stand: September\u00a02016<\/p>\n","protected":false},"excerpt":{"rendered":"<p>Durch den Bondolino bin ich zur Tragemama geworden. Man sollte meinen, die langen B\u00e4nder\u00a0k\u00f6nnten mich abschrecken, aber sie sind ruck-zuck um den K\u00f6rper&#8230;<\/p>\n","protected":false},"author":1,"featured_media":0,"parent":498,"menu_order":0,"comment_status":"closed","ping_status":"closed","template":"","meta":{"jetpack_post_was_ever_published":false,"footnotes":""},"class_list":["post-1119","page","type-page","status-publish","hentry"],"jetpack_sharing_enabled":true,"jetpack-related-posts":[],"jetpack_likes_enabled":true,"_links":{"self":[{"href":"http:\/\/fernwehkinder.de\/index.php?rest_route=\/wp\/v2\/pages\/1119","targetHints":{"allow":["GET"]}}],"collection":[{"href":"http:\/\/fernwehkinder.de\/index.php?rest_route=\/wp\/v2\/pages"}],"about":[{"href":"http:\/\/fernwehkinder.de\/index.php?rest_route=\/wp\/v2\/types\/page"}],"author":[{"embeddable":true,"href":"http:\/\/fernwehkinder.de\/index.php?rest_route=\/wp\/v2\/users\/1"}],"replies":[{"embeddable":true,"href":"http:\/\/fernwehkinder.de\/index.php?rest_route=%2Fwp%2Fv2%2Fcomments&post=1119"}],"version-history":[{"count":0,"href":"http:\/\/fernwehkinder.de\/index.php?rest_route=\/wp\/v2\/pages\/1119\/revisions"}],"up":[{"embeddable":true,"href":"http:\/\/fernwehkinder.de\/index.php?rest_route=\/wp\/v2\/pages\/498"}],"wp:attachment":[{"href":"http:\/\/fernwehkinder.de\/index.php?rest_route=%2Fwp%2Fv2%2Fmedia&parent=1119"}],"curies":[{"name":"wp","href":"https:\/\/api.w.org\/{rel}","templated":true}]}}