{"id":2016,"date":"2016-12-31T14:25:20","date_gmt":"2016-12-31T13:25:20","guid":{"rendered":"http:\/\/fernwehkinder.de\/?page_id=2016"},"modified":"2016-12-31T14:25:20","modified_gmt":"2016-12-31T13:25:20","slug":"happy-healthy-parent-bibs-silikon-laetzchen","status":"publish","type":"page","link":"http:\/\/fernwehkinder.de\/?page_id=2016","title":{"rendered":"Happy Healthy Parent Bibs (Silikon-L\u00e4tzchen)"},"content":{"rendered":"<figure id=\"attachment_1913\" aria-describedby=\"caption-attachment-1913\" style=\"width: 300px\" class=\"wp-caption alignleft\"><img loading=\"lazy\" decoding=\"async\" class=\"size-medium wp-image-1913\" src=\"http:\/\/fernwehkinder.de\/wp-content\/uploads\/2016\/12\/PA091847-300x225.jpg\" alt=\"OLYMPUS DIGITAL CAMERA\" width=\"300\" height=\"225\" srcset=\"http:\/\/fernwehkinder.de\/wp-content\/uploads\/2016\/12\/PA091847-300x225.jpg 300w, http:\/\/fernwehkinder.de\/wp-content\/uploads\/2016\/12\/PA091847.jpg 640w\" sizes=\"auto, (max-width: 300px) 100vw, 300px\" \/><figcaption id=\"caption-attachment-1913\" class=\"wp-caption-text\">Tropfende Wassermelonen&#8230;<\/figcaption><\/figure>\n<p>Bei Reisen mit den Zwillingen vollkommen unentbehrlich geworden sind die Schlabberl\u00e4tzchen von Happy Healthy Parent. Ohne sie m\u00fcssten wir zwei zus\u00e4tzliche Koffer mit Kinderkleidung mitnehmen. Die Zwillinge wollen ja alles allein essen, was nur bei trockenen Br\u00f6tchen <strong>keine<\/strong> Sauerei gibt.<\/p>\n<figure id=\"attachment_1914\" aria-describedby=\"caption-attachment-1914\" style=\"width: 300px\" class=\"wp-caption alignright\"><img loading=\"lazy\" decoding=\"async\" class=\"size-medium wp-image-1914\" src=\"http:\/\/fernwehkinder.de\/wp-content\/uploads\/2016\/12\/PA091859-300x225.jpg\" alt=\"OLYMPUS DIGITAL CAMERA\" width=\"300\" height=\"225\" srcset=\"http:\/\/fernwehkinder.de\/wp-content\/uploads\/2016\/12\/PA091859-300x225.jpg 300w, http:\/\/fernwehkinder.de\/wp-content\/uploads\/2016\/12\/PA091859.jpg 640w\" sizes=\"auto, (max-width: 300px) 100vw, 300px\" \/><figcaption id=\"caption-attachment-1914\" class=\"wp-caption-text\">&#8230;sind kein Problem mehr<\/figcaption><\/figure>\n<p>Ansonsten rinnt ihnen hastig getrunkenes Wasser neben Glas und Mund heraus, werden Nutellafinger am T-Shirt abgeputzt, flutschen ihnen Tomatennudeln aus dem Mund,\u00a0tropft ihnen der Wassermelonensaft vom Kinn,\u00a0werden Kekse zu klebrigem Brei verwandelt, Kartoffeln ebenso, &#8230;<\/p>\n<p>Das ist ja zuhause kein Problem, aber unterwegs f\u00fchren solche Selbst\u00e4ndigkeitsbestrebungen zu einem un\u00fcberwindlichen Berg schmutziger W\u00e4sche. Ihr k\u00f6nnt euch meine Freude vorstellen, als Sam (Happy Healthy Parent) mich nach meiner Bestellung der Leinenrucks\u00e4ckchen darauf aufmerksam machte, dass er auch solch praktische L\u00e4tzchen aus Silikon im Angebot hat. Nachdem wir uns \u00fcber die Farbauswahl einig waren, habe ich sofort bestellt.<\/p>\n<p><img loading=\"lazy\" decoding=\"async\" class=\"size-medium wp-image-1951 alignright\" src=\"http:\/\/fernwehkinder.de\/wp-content\/uploads\/2016\/12\/20161219_082617-300x169.jpg\" alt=\"20161219_082617\" width=\"300\" height=\"169\" \/>I<img loading=\"lazy\" decoding=\"async\" class=\"size-medium wp-image-1950 alignleft\" src=\"http:\/\/fernwehkinder.de\/wp-content\/uploads\/2016\/12\/20161219_082611-300x169.jpg\" alt=\"20161219_082611\" width=\"300\" height=\"169\" \/>ch sag euch: Die Dinger sind Gold wert.<\/p>\n<p>W\u00e4hrend ein Stoff-L\u00e4tzchen normalerweise nach einem Gebrauch in die Waschk\u00fcche wandert, wird ein solches Silikon-L\u00e4tzchen nur kurz abgewaschen und ist wieder einsatzbereit. Es schmiegt sich weich am Hals an und l\u00e4sst sich in der Gr\u00f6\u00dfe so einstellen, dass sowohl Essanf\u00e4nger-Babys, als auch gr\u00f6\u00dfere Schlabbertomaten ihre Kleidung sch\u00fctzen k\u00f6nnen. Eine Vertiefung am unteren Ende nimmt auch einen Becher neben den Mund gekippten Aprikosensaft auf. Dort sammeln sich auch Kr\u00fcmel, ausgespuckte kleine K\u00f6rner,&#8230;<\/p>\n<p>Schon am Ende unserer Oktober-Reise war f\u00fcr die Zwillinge klar, dass eine Mahlzeit beginnt, wenn das L\u00e4tzchen umgebunden wird. Wenn sie zwischen den Mahlzeiten Hunger hatten und nicht verstanden wurden, schleppten sie uns eins der L\u00e4tzchen an. Klasse!<\/p>\n<hr \/>\n<p>Man kann die L\u00e4tzchen zwar auch unmittelbar in den USA bestellen, muss dann aber f\u00fcr Fracht und Zoll einiges mehr ausgeben, als bei amazon.de. Dort kosteten die L\u00e4tzchen als Zweier-Set im Oktober 21,95 Euro, aktuell 19,95 Euro.<\/p>\n<hr \/>\n<p>Unsere L\u00e4tzchen waren ein Geschenk des Herstellers im Zusammenhang mit dem Kauf unserer Leinen-Rucks\u00e4cke.<\/p>\n<hr \/>\n<p>Wir haben die Bibs seit Oktober 2016 im Dauergebrauch bei allen Mahlzeiten au\u00dfer Haus.<\/p>\n<hr \/>\n<p>Stand: Dezember 2016<\/p>\n","protected":false},"excerpt":{"rendered":"<p>Bei Reisen mit den Zwillingen vollkommen unentbehrlich geworden sind die Schlabberl\u00e4tzchen von Happy Healthy Parent. Ohne sie m\u00fcssten wir zwei zus\u00e4tzliche Koffer mit&#8230;<\/p>\n","protected":false},"author":1,"featured_media":0,"parent":498,"menu_order":0,"comment_status":"closed","ping_status":"closed","template":"","meta":{"jetpack_post_was_ever_published":false,"footnotes":""},"class_list":["post-2016","page","type-page","status-publish","hentry"],"jetpack_sharing_enabled":true,"jetpack-related-posts":[],"jetpack_likes_enabled":true,"_links":{"self":[{"href":"http:\/\/fernwehkinder.de\/index.php?rest_route=\/wp\/v2\/pages\/2016","targetHints":{"allow":["GET"]}}],"collection":[{"href":"http:\/\/fernwehkinder.de\/index.php?rest_route=\/wp\/v2\/pages"}],"about":[{"href":"http:\/\/fernwehkinder.de\/index.php?rest_route=\/wp\/v2\/types\/page"}],"author":[{"embeddable":true,"href":"http:\/\/fernwehkinder.de\/index.php?rest_route=\/wp\/v2\/users\/1"}],"replies":[{"embeddable":true,"href":"http:\/\/fernwehkinder.de\/index.php?rest_route=%2Fwp%2Fv2%2Fcomments&post=2016"}],"version-history":[{"count":0,"href":"http:\/\/fernwehkinder.de\/index.php?rest_route=\/wp\/v2\/pages\/2016\/revisions"}],"up":[{"embeddable":true,"href":"http:\/\/fernwehkinder.de\/index.php?rest_route=\/wp\/v2\/pages\/498"}],"wp:attachment":[{"href":"http:\/\/fernwehkinder.de\/index.php?rest_route=%2Fwp%2Fv2%2Fmedia&parent=2016"}],"curies":[{"name":"wp","href":"https:\/\/api.w.org\/{rel}","templated":true}]}}