{"id":922,"date":"2016-09-02T11:12:49","date_gmt":"2016-09-02T09:12:49","guid":{"rendered":"http:\/\/fernwehkinder.de\/?page_id=922"},"modified":"2016-11-02T21:10:14","modified_gmt":"2016-11-02T20:10:14","slug":"wrightsocks","status":"publish","type":"page","link":"http:\/\/fernwehkinder.de\/?page_id=922","title":{"rendered":"Wrightsocks"},"content":{"rendered":"<figure id=\"attachment_4\" aria-describedby=\"caption-attachment-4\" style=\"width: 225px\" class=\"wp-caption alignleft\"><img loading=\"lazy\" decoding=\"async\" class=\"size-medium wp-image-4\" src=\"http:\/\/fernwehkinder.de\/wp-content\/uploads\/2016\/03\/Wrightsock-225x300.jpg\" alt=\"OLYMPUS DIGITAL CAMERA\" width=\"225\" height=\"300\" srcset=\"http:\/\/fernwehkinder.de\/wp-content\/uploads\/2016\/03\/Wrightsock-225x300.jpg 225w, http:\/\/fernwehkinder.de\/wp-content\/uploads\/2016\/03\/Wrightsock-768x1024.jpg 768w, http:\/\/fernwehkinder.de\/wp-content\/uploads\/2016\/03\/Wrightsock-1200x1600.jpg 1200w\" sizes=\"auto, (max-width: 225px) 100vw, 225px\" \/><figcaption id=\"caption-attachment-4\" class=\"wp-caption-text\">Jakobswegsocken sch\u00fctzen\u00a0auch auf der Via Francigena vor Blasen<\/figcaption><\/figure>\n<p>Ziemlich genau zwei Jahre ist es her, dass ich auf der Tour Natur in D\u00fcsseldorf das erste Mal auf <em><a href=\"http:\/\/www.wrightsock.de\/\">Wrightsocks <\/a><\/em>aufmerksam wurde. Das ist ein Sockenhersteller, der sich mit einem\u00a0Versprechen ziemlich aus dem Fenster lehnt: wer die doppellagigen Socken dieser Firma tr\u00e4gt, bekommt beim Joggen, Wandern und anderen Aktivit\u00e4ten keine Blasen an den F\u00fc\u00dfen. Hier sind Innen und Au\u00dfensocke miteinander vern\u00e4ht. Das ist sehr praktisch f\u00fcr so unordentliche Menschen wie mich. Ich muss morgens nur zwei Socken suchen und nicht vier St\u00fcck!<\/p>\n<p>Das System erschien mir stimmig. Ich hatte bisher zur Vermeidung von Blasen immer zwei Lagen Falke-Socken angezogen und hatte damit sehr gute Erfahrungen gemacht. Aber einen Versuch war es wert und der nette Mensch auf der Messe bot mir Rechercheexemplare an. Wir starteten kurz darauf zur Recherche auf der Bonifatius-Route, also sagte ich zu und erhielt drei Paar mitteldicke Paare <em>Stride<\/em> (ungef\u00fcttert) und <em>Escape<\/em> (gef\u00fcttert) in rot, beige und braun.<\/p>\n<p>Was soll ich sagen? Einmal angezogen, wollte ich sie nur noch zum Waschen vom Fu\u00df nehmen. Genau beim Thema Waschen trat dann aber ein unvorhergesehenes Problem auf: Ich habe Schuhgr\u00f6\u00dfe 39. Ungewaschen passte mir die Sockengr\u00f6\u00dfe 37 &#8211; 41 perfekt. Doch nach dem Waschen (gem\u00e4\u00df\u00a0Anleitung bei 30\u00b0C) schienen zwei der drei Paare\u00a0zu klein geworden zu sein. Ich schnitt mir die Zehenn\u00e4gel ganz ganz kurz, um ein paar Millimeter zu gewinnen, doch sie sa\u00dfen nicht mehr korrekt. Also kontaktierte ich den Hersteller. Er war ratlos.<\/p>\n<figure id=\"attachment_317\" aria-describedby=\"caption-attachment-317\" style=\"width: 300px\" class=\"wp-caption alignright\"><img loading=\"lazy\" decoding=\"async\" class=\"size-medium wp-image-317\" src=\"http:\/\/fernwehkinder.de\/wp-content\/uploads\/2016\/07\/P6070852-300x225.jpg\" alt=\"OLYMPUS DIGITAL CAMERA\" width=\"300\" height=\"225\" srcset=\"http:\/\/fernwehkinder.de\/wp-content\/uploads\/2016\/07\/P6070852-300x225.jpg 300w, http:\/\/fernwehkinder.de\/wp-content\/uploads\/2016\/07\/P6070852-768x576.jpg 768w, http:\/\/fernwehkinder.de\/wp-content\/uploads\/2016\/07\/P6070852-1024x768.jpg 1024w\" sizes=\"auto, (max-width: 300px) 100vw, 300px\" \/><figcaption id=\"caption-attachment-317\" class=\"wp-caption-text\">Blasenfreies Wandern auch bei N\u00e4sse&#8230;<\/figcaption><\/figure>\n<p>Das dritte Paar machte mir aber beim Wandern so viel Freude, dass ich mir von dieser Sorte noch drei Paare nachbestellte, au\u00dferdem von den anderen beiden Sorten je ein Paar in der n\u00e4chstgr\u00f6\u00dferen Gr\u00f6\u00dfe. Und weil es auf Weihnachten zuging, rundete ich meine Bestellung mit einigen Geschenken ab. Leider freuten sich nicht alle Beschenkten, einer bekam es in den falschen Hals. Dabei war es von mir wirklich nicht als SOS Geschenk gedacht, sondern war eine echte Empfehlung. Egal.<\/p>\n<p>Auf weiteren Wanderungen und Pilgerwegen wurde ich immer wieder nach einem Tipp gegen Blasen gefragt. Neben den \u00fcblichen Hinweisen (Gut passendes Schuhwerk,&#8230;) und nicht auf jeder Strecke und bei jedem Wetter\u00a0praktikablen Tipps (F\u00fc\u00dfe trocken halten,..) empfahl ich seither die Zwei-Socken-Methode UND die Wrightsocks.<\/p>\n<figure id=\"attachment_331\" aria-describedby=\"caption-attachment-331\" style=\"width: 300px\" class=\"wp-caption alignright\"><img loading=\"lazy\" decoding=\"async\" class=\"wp-image-331 size-medium\" src=\"http:\/\/fernwehkinder.de\/wp-content\/uploads\/2016\/06\/13428655_10204864774657992_8379208090025322468_n-300x169.jpg\" alt=\"13428655_10204864774657992_8379208090025322468_n\" width=\"300\" height=\"169\" srcset=\"http:\/\/fernwehkinder.de\/wp-content\/uploads\/2016\/06\/13428655_10204864774657992_8379208090025322468_n-300x169.jpg 300w, http:\/\/fernwehkinder.de\/wp-content\/uploads\/2016\/06\/13428655_10204864774657992_8379208090025322468_n-768x432.jpg 768w, http:\/\/fernwehkinder.de\/wp-content\/uploads\/2016\/06\/13428655_10204864774657992_8379208090025322468_n.jpg 960w\" sizes=\"auto, (max-width: 300px) 100vw, 300px\" \/><figcaption id=\"caption-attachment-331\" class=\"wp-caption-text\">&#8230; und Matsch<\/figcaption><\/figure>\n<p>Im vergangenen Herbst\u00a0\u00fcberraschte mich der Socken-G\u00fcnter bei meiner Bestellung mit zwei Paar Jakobsweg-Wrightsocks. Die kamen sofort zu den drei Recherchereisen im Oktober\/November, November\/Dezember 2015 und Mai\/Juni 2016 mit ins Gep\u00e4ck. Beim Aufstieg zum Gro\u00dfen Sankt Bernahard Pass sprach mich ein Pilgerpaar auf meine Socken an. Ihnen war die Jakobsmuschel aufgefallen und sie wollten wissen, ob ich Jakobspilgerin bin. &#8222;Nein, ich bin auf dem Weg nach Rom!&#8220; &#8211; &#8222;Oh, wir dachten schon, Sie h\u00e4tten sich verlaufen, weil Santiago de Compostella liegt genau in die andere Richtung!&#8220; war der entsprechende Dialog. Wir haben dann sehr \u00fcber das Missverst\u00e4ndnis gelacht und waren uns einig, dass man mit gut sitzenden Jakobswegsocken durchaus auch jedes andere Pilgerziel anlaufen kann. Im Appeningebirge war ich trotz der bisherigen guten Erfahrungen sehr \u00fcberrascht, dass ich sogar den ganzen Tag durch Sand, Wasser und Matsch laufen konnte, ohne dass etwas scheuerte oder Blasen bildete.<\/p>\n<p>Die Socken sind eine ehrliche Empfehlung von mir und w\u00e4ren es auch, wenn ich sie alle h\u00e4tte bezahlen m\u00fcssen. Achtet beim Kauf darauf, dass es<\/p>\n<ul>\n<li>drei verschiedene Materialst\u00e4rken: dick, mitteldick, d\u00fcnn,<\/li>\n<li>verschiedene Materialzusammensetzungen\u00a0bzw.\u00a0Polsterungen und<\/li>\n<li>vier verschiedene H\u00f6hen gibt: low tab (unter dem Kn\u00f6chel), quarter (\u00fcber den Kn\u00f6chel), \u00a0crew (unter der Wade) und otc (\u00fcber die Wade).<\/li>\n<li>Meine Jakobssocke auf den Fotos ist mitteldick, ungepolstert, ohne Merinowolle und quarter.<\/li>\n<\/ul>\n<hr \/>\n<p>Wrightsocks kosten je nach Ausf\u00fchrung im <a href=\"http:\/\/shop.wrightsock.de\/\">Shop <\/a>des Herstellers zwischen 16,95 \u20ac und 32,95 \u20ac. Die meisten meiner Paare habe ich gekauft, vier Paare hat mir der liebe Sockeng\u00fcnter auf zwei verschiedenen TourNatur-Messen geschenkt.<\/p>\n<hr \/>\n<p>Ich trage diese Socken seit September 2014.<\/p>\n<hr \/>\n<p>Stand: September\u00a02016<\/p>\n","protected":false},"excerpt":{"rendered":"<p>Ziemlich genau zwei Jahre ist es her, dass ich auf der Tour Natur in D\u00fcsseldorf das erste Mal auf Wrightsocks aufmerksam wurde. Das&#8230;<\/p>\n","protected":false},"author":1,"featured_media":0,"parent":498,"menu_order":0,"comment_status":"closed","ping_status":"closed","template":"","meta":{"jetpack_post_was_ever_published":false,"footnotes":""},"class_list":["post-922","page","type-page","status-publish","hentry"],"jetpack_sharing_enabled":true,"jetpack-related-posts":[],"jetpack_likes_enabled":true,"_links":{"self":[{"href":"http:\/\/fernwehkinder.de\/index.php?rest_route=\/wp\/v2\/pages\/922","targetHints":{"allow":["GET"]}}],"collection":[{"href":"http:\/\/fernwehkinder.de\/index.php?rest_route=\/wp\/v2\/pages"}],"about":[{"href":"http:\/\/fernwehkinder.de\/index.php?rest_route=\/wp\/v2\/types\/page"}],"author":[{"embeddable":true,"href":"http:\/\/fernwehkinder.de\/index.php?rest_route=\/wp\/v2\/users\/1"}],"replies":[{"embeddable":true,"href":"http:\/\/fernwehkinder.de\/index.php?rest_route=%2Fwp%2Fv2%2Fcomments&post=922"}],"version-history":[{"count":0,"href":"http:\/\/fernwehkinder.de\/index.php?rest_route=\/wp\/v2\/pages\/922\/revisions"}],"up":[{"embeddable":true,"href":"http:\/\/fernwehkinder.de\/index.php?rest_route=\/wp\/v2\/pages\/498"}],"wp:attachment":[{"href":"http:\/\/fernwehkinder.de\/index.php?rest_route=%2Fwp%2Fv2%2Fmedia&parent=922"}],"curies":[{"name":"wp","href":"https:\/\/api.w.org\/{rel}","templated":true}]}}