{"id":932,"date":"2016-09-02T11:12:07","date_gmt":"2016-09-02T09:12:07","guid":{"rendered":"http:\/\/fernwehkinder.de\/?page_id=932"},"modified":"2016-11-02T21:05:06","modified_gmt":"2016-11-02T20:05:06","slug":"rite-in-the-rain","status":"publish","type":"page","link":"http:\/\/fernwehkinder.de\/?page_id=932","title":{"rendered":"Rite in the Rain"},"content":{"rendered":"<p><img loading=\"lazy\" decoding=\"async\" class=\"size-medium wp-image-935 alignleft\" src=\"http:\/\/fernwehkinder.de\/wp-content\/uploads\/2016\/09\/P9011446-300x225.jpg\" alt=\"OLYMPUS DIGITAL CAMERA\" width=\"300\" height=\"225\" srcset=\"http:\/\/fernwehkinder.de\/wp-content\/uploads\/2016\/09\/P9011446-300x225.jpg 300w, http:\/\/fernwehkinder.de\/wp-content\/uploads\/2016\/09\/P9011446-768x576.jpg 768w, http:\/\/fernwehkinder.de\/wp-content\/uploads\/2016\/09\/P9011446-1024x768.jpg 1024w\" sizes=\"auto, (max-width: 300px) 100vw, 300px\" \/><\/p>\n<p>Hier ist der Name Programm: Mit den <em>all-weather Notebooks und Memo Books<\/em> von <a href=\"http:\/\/www.riteintherain.com\/\"><em>Rite in the Rain<\/em><\/a> kann man wirklich im Regen schreiben. Manchmal\u00a0sind diese Notizblocks aus festem, wasserabweisendem Papier die einzige Chance f\u00fcr mich, Notizen zu machen, besonders bei Recherchen im Winterhalbjahr und an der K\u00fcste. Aber auch im Sommer sind sie prima, weil sie nicht so schnell vom Schwei\u00df aufgeweicht werden.<\/p>\n<p>Wenn ich mit einem herk\u00f6mmlichen Notizblock und einem Kugelschreiber schon lange\u00a0aufgeben m\u00fcsste, kann ich\u00a0mit einem Bleistift in diesen Blocks und B\u00fcchlein noch bequem Notizen machen. Selbst als\u00a0mir an einem extrem hei\u00dfen Tag im Jahr 2010\u00a0versehentlich der Block beim Durchquerend er Poebene beim Trinken\u00a0in einen Brunnen fiel, blieben alle Notizen unversehrt und gut lesbar.<\/p>\n<p>Einziges Problem: Wenn ich mit Bleistift schreibe und den Block in einer Tasche trage, kann es sein, dass die Schrift durch das Aneinanderreiben der Seiten verwischt.<\/p>\n<hr \/>\n<p>Das B\u00fcchlein No. 374 kostet bei <a href=\"https:\/\/www.globetrotter.de\/shop\/rite-in-the-rain-field-flex-notizbuch-121957\/\">Globetrotter <\/a>7,98 \u20ac, der \u00a0Block No. 135 liegt bei 4,99 \u20ac. Das ist deutlich teurer als andere Produkte in diesem Format, aber f\u00fcr meinen Einsatzbereich jeden Cent wert.<\/p>\n<hr \/>\n<p>Ich kaufe diese Blocks etwa seit 10 Jahren.<\/p>\n<hr \/>\n<p>Stand: September\u00a02016<\/p>\n","protected":false},"excerpt":{"rendered":"<p>Hier ist der Name Programm: Mit den all-weather Notebooks und Memo Books von Rite in the Rain kann man wirklich im Regen schreiben&#8230;.<\/p>\n","protected":false},"author":1,"featured_media":935,"parent":498,"menu_order":0,"comment_status":"closed","ping_status":"closed","template":"","meta":{"jetpack_post_was_ever_published":false,"footnotes":""},"class_list":["post-932","page","type-page","status-publish","has-post-thumbnail","hentry"],"jetpack_sharing_enabled":true,"jetpack-related-posts":[],"jetpack_likes_enabled":true,"_links":{"self":[{"href":"http:\/\/fernwehkinder.de\/index.php?rest_route=\/wp\/v2\/pages\/932","targetHints":{"allow":["GET"]}}],"collection":[{"href":"http:\/\/fernwehkinder.de\/index.php?rest_route=\/wp\/v2\/pages"}],"about":[{"href":"http:\/\/fernwehkinder.de\/index.php?rest_route=\/wp\/v2\/types\/page"}],"author":[{"embeddable":true,"href":"http:\/\/fernwehkinder.de\/index.php?rest_route=\/wp\/v2\/users\/1"}],"replies":[{"embeddable":true,"href":"http:\/\/fernwehkinder.de\/index.php?rest_route=%2Fwp%2Fv2%2Fcomments&post=932"}],"version-history":[{"count":0,"href":"http:\/\/fernwehkinder.de\/index.php?rest_route=\/wp\/v2\/pages\/932\/revisions"}],"up":[{"embeddable":true,"href":"http:\/\/fernwehkinder.de\/index.php?rest_route=\/wp\/v2\/pages\/498"}],"wp:featuredmedia":[{"embeddable":true,"href":"http:\/\/fernwehkinder.de\/index.php?rest_route=\/wp\/v2\/media\/935"}],"wp:attachment":[{"href":"http:\/\/fernwehkinder.de\/index.php?rest_route=%2Fwp%2Fv2%2Fmedia&parent=932"}],"curies":[{"name":"wp","href":"https:\/\/api.w.org\/{rel}","templated":true}]}}