{"id":951,"date":"2016-09-02T12:14:24","date_gmt":"2016-09-02T10:14:24","guid":{"rendered":"http:\/\/fernwehkinder.de\/?page_id=951"},"modified":"2016-09-15T23:19:47","modified_gmt":"2016-09-15T21:19:47","slug":"bonprix-hosen","status":"publish","type":"page","link":"http:\/\/fernwehkinder.de\/?page_id=951","title":{"rendered":"Bonprix Hosen"},"content":{"rendered":"<figure id=\"attachment_243\" aria-describedby=\"caption-attachment-243\" style=\"width: 300px\" class=\"wp-caption alignleft\"><img loading=\"lazy\" decoding=\"async\" class=\"wp-image-243 size-medium\" src=\"http:\/\/fernwehkinder.de\/wp-content\/uploads\/2016\/06\/P6090115-300x225.jpg\" alt=\"OLYMPUS DIGITAL CAMERA\" width=\"300\" height=\"225\" srcset=\"http:\/\/fernwehkinder.de\/wp-content\/uploads\/2016\/06\/P6090115-300x225.jpg 300w, http:\/\/fernwehkinder.de\/wp-content\/uploads\/2016\/06\/P6090115-768x576.jpg 768w, http:\/\/fernwehkinder.de\/wp-content\/uploads\/2016\/06\/P6090115-1024x768.jpg 1024w\" sizes=\"auto, (max-width: 300px) 100vw, 300px\" \/><figcaption id=\"caption-attachment-243\" class=\"wp-caption-text\">Perfekte Passform f\u00fcr mich und mein Buch<\/figcaption><\/figure>\n<div class=\"mceTemp\">Bei genauerer Betrachtung meiner\u00a0Fotos kristallisiert sich unter den Wanderhosen ein klarer Favorit heraus.<\/div>\n<p>Keine meiner teuren Hosen von Fj\u00e4llr\u00e4ven, Columbia, Sch\u00f6ffel, Hagl\u00f6fs oder Jack Wolfskin\u00a0(die anderer Hersteller passen momentan nicht)\u00a0macht das Rennen, sondern vollkommen unerwartet ein Exemplar, das ich vor Jahren bei <a href=\"http:\/\/www.bonprix.de\/\"><em>Bonprix<\/em> <\/a>bestellt hatte. Es war ein Notkauf, weil mir bei einem Flug ein Koffer abhanden gekommen war, in dem all meine Wanderhosen waren und ich f\u00fcrs Wochenende eine saubere Hose f\u00fcr eine Eifelwanderung haben\u00a0wollte.<\/p>\n<figure id=\"attachment_362\" aria-describedby=\"caption-attachment-362\" style=\"width: 225px\" class=\"wp-caption alignright\"><img loading=\"lazy\" decoding=\"async\" class=\"size-medium wp-image-362\" src=\"http:\/\/fernwehkinder.de\/wp-content\/uploads\/2016\/07\/P6090155-225x300.jpg\" alt=\"OLYMPUS DIGITAL CAMERA\" width=\"225\" height=\"300\" srcset=\"http:\/\/fernwehkinder.de\/wp-content\/uploads\/2016\/07\/P6090155-225x300.jpg 225w, http:\/\/fernwehkinder.de\/wp-content\/uploads\/2016\/07\/P6090155-768x1024.jpg 768w\" sizes=\"auto, (max-width: 225px) 100vw, 225px\" \/><figcaption id=\"caption-attachment-362\" class=\"wp-caption-text\">Bequeme Wanderl\u00e4nge<\/figcaption><\/figure>\n<p>Das Modell hat nicht einmal einen Namen und ist schon lange wieder aus dem Sortiment, aber diese Hose passt perfekt. Sie ist luftig genug f\u00fcr den Sommer und warm genug f\u00fcr normale Wintertage. Sie hat eine Au\u00dfentasche, die genau die richtige Gr\u00f6\u00dfe f\u00fcr meine Wanderf\u00fchrer hat. Sie l\u00e4sst sich krempeln, bei Bedarf sogar \u00fcber das Knie, trocknet herrlich\u00a0schnell und hat dazu noch eine peppige Farbe, die meiner gro\u00dfen Tochter gef\u00e4llt. So muss es sein.<\/p>\n<p>Also: Schaut euch auch bei No-Name Produkten um. Dort gibt es manchmal echte Gl\u00fccksgriffe zu machen!<\/p>\n<p>Leider habe ich in den letzten Monaten so zugenommen, dass sie kneift. Also pausiert sie momentan, bis sich meine Hormone und mein Nutella-Bedarf wieder reguliert haben.<\/p>\n<hr \/>\n<p>Ich habe 19,95 \u20ac f\u00fcr die Hose bezahlt.<\/p>\n<hr \/>\n<p>Wie lange ich sie schon trage? Hm, vielleicht f\u00fcnf Jahre, ich kann es nicht genau sagen.<\/p>\n<hr \/>\n<p>Stand: August\u00a02016<\/p>\n<figure id=\"attachment_18\" aria-describedby=\"caption-attachment-18\" style=\"width: 300px\" class=\"wp-caption alignleft\"><img loading=\"lazy\" decoding=\"async\" class=\"size-medium wp-image-18\" src=\"http:\/\/fernwehkinder.de\/wp-content\/uploads\/2016\/03\/P3190521-300x225.jpg\" alt=\"OLYMPUS DIGITAL CAMERA\" width=\"300\" height=\"225\" srcset=\"http:\/\/fernwehkinder.de\/wp-content\/uploads\/2016\/03\/P3190521-300x225.jpg 300w, http:\/\/fernwehkinder.de\/wp-content\/uploads\/2016\/03\/P3190521-768x576.jpg 768w, http:\/\/fernwehkinder.de\/wp-content\/uploads\/2016\/03\/P3190521-1024x768.jpg 1024w, http:\/\/fernwehkinder.de\/wp-content\/uploads\/2016\/03\/P3190521-1200x900.jpg 1200w\" sizes=\"auto, (max-width: 300px) 100vw, 300px\" \/><figcaption id=\"caption-attachment-18\" class=\"wp-caption-text\">Auch im Winter mit dabei<\/figcaption><\/figure>\n<figure id=\"attachment_178\" aria-describedby=\"caption-attachment-178\" style=\"width: 300px\" class=\"wp-caption alignleft\"><img loading=\"lazy\" decoding=\"async\" class=\"size-medium wp-image-178\" src=\"http:\/\/fernwehkinder.de\/wp-content\/uploads\/2016\/07\/P5280141-300x225.jpg\" alt=\"OLYMPUS DIGITAL CAMERA\" width=\"300\" height=\"225\" srcset=\"http:\/\/fernwehkinder.de\/wp-content\/uploads\/2016\/07\/P5280141-300x225.jpg 300w, http:\/\/fernwehkinder.de\/wp-content\/uploads\/2016\/07\/P5280141-768x576.jpg 768w, http:\/\/fernwehkinder.de\/wp-content\/uploads\/2016\/07\/P5280141-1024x768.jpg 1024w\" sizes=\"auto, (max-width: 300px) 100vw, 300px\" \/><figcaption id=\"caption-attachment-178\" class=\"wp-caption-text\">luftig leicht, auch bei 39\u00b0C<\/figcaption><\/figure>\n<figure id=\"attachment_672\" aria-describedby=\"caption-attachment-672\" style=\"width: 300px\" class=\"wp-caption alignleft\"><img loading=\"lazy\" decoding=\"async\" class=\"size-medium wp-image-672\" src=\"http:\/\/fernwehkinder.de\/wp-content\/uploads\/2016\/08\/P8151001-300x225.jpg\" alt=\"OLYMPUS DIGITAL CAMERA\" width=\"300\" height=\"225\" srcset=\"http:\/\/fernwehkinder.de\/wp-content\/uploads\/2016\/08\/P8151001-300x225.jpg 300w, http:\/\/fernwehkinder.de\/wp-content\/uploads\/2016\/08\/P8151001-768x576.jpg 768w, http:\/\/fernwehkinder.de\/wp-content\/uploads\/2016\/08\/P8151001-1024x768.jpg 1024w\" sizes=\"auto, (max-width: 300px) 100vw, 300px\" \/><figcaption id=\"caption-attachment-672\" class=\"wp-caption-text\">Schnell wieder trocken<\/figcaption><\/figure>\n<figure id=\"attachment_284\" aria-describedby=\"caption-attachment-284\" style=\"width: 300px\" class=\"wp-caption alignleft\"><img loading=\"lazy\" decoding=\"async\" class=\"wp-image-284 size-medium\" src=\"http:\/\/fernwehkinder.de\/wp-content\/uploads\/2016\/06\/13323287_10204808829739404_4395288231897689932_o-300x225.jpg\" alt=\"13323287_10204808829739404_4395288231897689932_o\" width=\"300\" height=\"225\" srcset=\"http:\/\/fernwehkinder.de\/wp-content\/uploads\/2016\/06\/13323287_10204808829739404_4395288231897689932_o-300x225.jpg 300w, http:\/\/fernwehkinder.de\/wp-content\/uploads\/2016\/06\/13323287_10204808829739404_4395288231897689932_o-768x576.jpg 768w, http:\/\/fernwehkinder.de\/wp-content\/uploads\/2016\/06\/13323287_10204808829739404_4395288231897689932_o-1024x768.jpg 1024w, http:\/\/fernwehkinder.de\/wp-content\/uploads\/2016\/06\/13323287_10204808829739404_4395288231897689932_o.jpg 2048w\" sizes=\"auto, (max-width: 300px) 100vw, 300px\" \/><figcaption id=\"caption-attachment-284\" class=\"wp-caption-text\">Nur noch nicht trocken, weil gekrempelt<\/figcaption><\/figure>\n<p>&nbsp;<\/p>\n<p>&nbsp;<\/p>\n<p>&nbsp;<\/p>\n<p>&nbsp;<\/p>\n<p>&nbsp;<\/p>\n<p>&nbsp;<\/p>\n<p>&nbsp;<\/p>\n<p>&nbsp;<\/p>\n<p>&nbsp;<\/p>\n<p>&nbsp;<\/p>\n<p>&nbsp;<\/p>\n<p>&nbsp;<\/p>\n<p>&nbsp;<\/p>\n<p>&nbsp;<\/p>\n<p>&nbsp;<\/p>\n","protected":false},"excerpt":{"rendered":"<p>Bei genauerer Betrachtung meiner\u00a0Fotos kristallisiert sich unter den Wanderhosen ein klarer Favorit heraus. Keine meiner teuren Hosen von Fj\u00e4llr\u00e4ven, Columbia, Sch\u00f6ffel, Hagl\u00f6fs oder&#8230;<\/p>\n","protected":false},"author":1,"featured_media":243,"parent":498,"menu_order":0,"comment_status":"closed","ping_status":"closed","template":"","meta":{"jetpack_post_was_ever_published":false,"footnotes":""},"class_list":["post-951","page","type-page","status-publish","has-post-thumbnail","hentry"],"jetpack_sharing_enabled":true,"jetpack-related-posts":[],"jetpack_likes_enabled":true,"_links":{"self":[{"href":"http:\/\/fernwehkinder.de\/index.php?rest_route=\/wp\/v2\/pages\/951","targetHints":{"allow":["GET"]}}],"collection":[{"href":"http:\/\/fernwehkinder.de\/index.php?rest_route=\/wp\/v2\/pages"}],"about":[{"href":"http:\/\/fernwehkinder.de\/index.php?rest_route=\/wp\/v2\/types\/page"}],"author":[{"embeddable":true,"href":"http:\/\/fernwehkinder.de\/index.php?rest_route=\/wp\/v2\/users\/1"}],"replies":[{"embeddable":true,"href":"http:\/\/fernwehkinder.de\/index.php?rest_route=%2Fwp%2Fv2%2Fcomments&post=951"}],"version-history":[{"count":1,"href":"http:\/\/fernwehkinder.de\/index.php?rest_route=\/wp\/v2\/pages\/951\/revisions"}],"predecessor-version":[{"id":11665,"href":"http:\/\/fernwehkinder.de\/index.php?rest_route=\/wp\/v2\/pages\/951\/revisions\/11665"}],"up":[{"embeddable":true,"href":"http:\/\/fernwehkinder.de\/index.php?rest_route=\/wp\/v2\/pages\/498"}],"wp:featuredmedia":[{"embeddable":true,"href":"http:\/\/fernwehkinder.de\/index.php?rest_route=\/wp\/v2\/media\/243"}],"wp:attachment":[{"href":"http:\/\/fernwehkinder.de\/index.php?rest_route=%2Fwp%2Fv2%2Fmedia&parent=951"}],"curies":[{"name":"wp","href":"https:\/\/api.w.org\/{rel}","templated":true}]}}