{"id":1069,"date":"2016-09-07T14:45:01","date_gmt":"2016-09-07T12:45:01","guid":{"rendered":"http:\/\/fernwehkinder.de\/?page_id=1069"},"modified":"2016-11-02T21:05:45","modified_gmt":"2016-11-02T20:05:45","slug":"samsung-galaxy-s4-active","status":"publish","type":"page","link":"https:\/\/fernwehkinder.de\/?page_id=1069","title":{"rendered":"Samsung Galaxy S4 Active"},"content":{"rendered":"<figure id=\"attachment_934\" aria-describedby=\"caption-attachment-934\" style=\"width: 300px\" class=\"wp-caption alignleft\"><img loading=\"lazy\" decoding=\"async\" class=\"size-medium wp-image-934\" src=\"http:\/\/fernwehkinder.de\/wp-content\/uploads\/2016\/09\/P9011448-300x225.jpg\" alt=\"OLYMPUS DIGITAL CAMERA\" width=\"300\" height=\"225\" srcset=\"https:\/\/fernwehkinder.de\/wp-content\/uploads\/2016\/09\/P9011448-300x225.jpg 300w, https:\/\/fernwehkinder.de\/wp-content\/uploads\/2016\/09\/P9011448-768x576.jpg 768w, https:\/\/fernwehkinder.de\/wp-content\/uploads\/2016\/09\/P9011448-1024x768.jpg 1024w\" sizes=\"auto, (max-width: 300px) 100vw, 300px\" \/><figcaption id=\"caption-attachment-934\" class=\"wp-caption-text\">Mein Outdoor-Telefon<\/figcaption><\/figure>\n<p>Nachdem sich mein iPhone immer wieder als zu empfindlich f\u00fcr meine Recherchen gezeigt hatte, musste Anfang 2014 ein robusteres Smartphone her.<\/p>\n<p>Nach einer guten Beratung durch einen ehemaligen Studenten, den ich zuf\u00e4llig traf, als er bei einer allgemeinen Verkehrskontrolle meinen F\u00fchrerschein sehen wollte, entschied ich mich f\u00fcr das Samsung Galaxy S4 Active.<\/p>\n<p>&nbsp;<\/p>\n<p>Es ist wirklich gut f\u00fcr meine Zwecke geeignet. Es ist schon etliche Male allein gefallen und mit mir gest\u00fcrzt, wurde vom Dreirad \u00fcberrollt und in der Sandkiste in einen Sandkuchen eingebacken. Einmal ist es sogar etwa 1,50 m tief gefallen und ich musste nur den Akkudeckel an zwei Stellen wieder andr\u00fccken. Dank IP67 muss ich mir um das Phone auch bei heftigem Regen keine Gedanken machen, selbst einen Fall in die <a href=\"http:\/\/fernwehkinder.de\/?p=64\">Toilette<\/a>. Wie ihr auf dem Foto seht, ist der orangefarbige Lack an den Ecken schon etwas abgegangen, dennoch konnte\u00a0ich bislang \u00fcber das Ger\u00e4t nicht meckern. Die Qualit\u00e4t von Bild und Ton ist gut, die Speicherkapazit\u00e4t habe ich noch nie erreicht und die Akkuleistung ist okay.<\/p>\n<p>Kleinere Schwachpunkte bis zu diesem Fr\u00fchsommer:<\/p>\n<ul>\n<li>Es ben\u00f6tigte\u00a0vor etwa einem Jahr einen neuen Akku, weil der andere &#8222;dicke Backen bekommen hatte (viele Akkus halten sogar nur ein halbes Jahr&#8230;)<\/li>\n<li>Zwischendrin waren auf dem Display beim Entsperren statt der Zahlen nur Rechtecke zu sehen (kein Problem, weil ich wei\u00df, wo welche Ziffer auf dem Display liegt)<\/li>\n<li>Nach einem Software-Update gibt es keine Gesichtserkennung mehr (\u00fcbel, weil sich meine Tochter jeden PIN durch blo\u00dfes Zusehen merkt)<\/li>\n<\/ul>\n<p>Leider habe ich aber seit einigen Monaten ein Problem, \u00fcber das sich meine Mutter schlapp lacht: ich kann mit meinem SmartPHONE nicht teleFONieren! Haha, vor einigen Jahren witzelte sie noch &#8222;Irgendwann kommt es mit den vielen Zusatzfunktionen nochso weit, dass man mit euren mobilen Telefonen gar nicht mehr telefonieren kann!&#8220; Genau das ist bei mir jetzt der Fall. Alles klappt noch perfekt: SMS, eMail, Internet, WhatsApp, sogar WhatsApp-Telefonate. Nur auf herk\u00f6mmliche Weise telefonieren kann ich\u00a0nicht mehr! Keiner kann mir sagen, woran es liegt. Jeder will mir nur ein neues Smartphone verkaufen. Da stellt sich doch\u00a0die Frage &#8222;Muss mann mit einem Smartphone \u00fcberhaupt telefonieren k\u00f6nnen?&#8220;<\/p>\n<hr \/>\n<p>Ich habe das Ger\u00e4t \u00a0f\u00fcr knapp 400 \u20ac gekauft.<\/p>\n<hr \/>\n<p>Es h\u00e4lt seit Anfang 2014 meinem Extremgebrauch stand.<\/p>\n<hr \/>\n<p>Stand: September\u00a02016<\/p>\n","protected":false},"excerpt":{"rendered":"<p>Nachdem sich mein iPhone immer wieder als zu empfindlich f\u00fcr meine Recherchen gezeigt hatte, musste Anfang 2014 ein robusteres Smartphone her. Nach einer&#8230;<\/p>\n","protected":false},"author":1,"featured_media":934,"parent":498,"menu_order":0,"comment_status":"closed","ping_status":"closed","template":"","meta":{"jetpack_post_was_ever_published":false,"footnotes":""},"class_list":["post-1069","page","type-page","status-publish","has-post-thumbnail","hentry"],"jetpack_sharing_enabled":true,"jetpack-related-posts":[],"jetpack_likes_enabled":true,"_links":{"self":[{"href":"https:\/\/fernwehkinder.de\/index.php?rest_route=\/wp\/v2\/pages\/1069","targetHints":{"allow":["GET"]}}],"collection":[{"href":"https:\/\/fernwehkinder.de\/index.php?rest_route=\/wp\/v2\/pages"}],"about":[{"href":"https:\/\/fernwehkinder.de\/index.php?rest_route=\/wp\/v2\/types\/page"}],"author":[{"embeddable":true,"href":"https:\/\/fernwehkinder.de\/index.php?rest_route=\/wp\/v2\/users\/1"}],"replies":[{"embeddable":true,"href":"https:\/\/fernwehkinder.de\/index.php?rest_route=%2Fwp%2Fv2%2Fcomments&post=1069"}],"version-history":[{"count":0,"href":"https:\/\/fernwehkinder.de\/index.php?rest_route=\/wp\/v2\/pages\/1069\/revisions"}],"up":[{"embeddable":true,"href":"https:\/\/fernwehkinder.de\/index.php?rest_route=\/wp\/v2\/pages\/498"}],"wp:featuredmedia":[{"embeddable":true,"href":"https:\/\/fernwehkinder.de\/index.php?rest_route=\/wp\/v2\/media\/934"}],"wp:attachment":[{"href":"https:\/\/fernwehkinder.de\/index.php?rest_route=%2Fwp%2Fv2%2Fmedia&parent=1069"}],"curies":[{"name":"wp","href":"https:\/\/api.w.org\/{rel}","templated":true}]}}