{"id":1103,"date":"2016-09-08T12:10:25","date_gmt":"2016-09-08T10:10:25","guid":{"rendered":"http:\/\/fernwehkinder.de\/?page_id=1103"},"modified":"2017-07-11T20:53:16","modified_gmt":"2017-07-11T18:53:16","slug":"maier-sports-funktionshose-lulaka","status":"publish","type":"page","link":"https:\/\/fernwehkinder.de\/?page_id=1103","title":{"rendered":"Maier Sports Funktionshose Lulaka"},"content":{"rendered":"<figure id=\"attachment_2818\" aria-describedby=\"caption-attachment-2818\" style=\"width: 300px\" class=\"wp-caption alignleft\"><img loading=\"lazy\" decoding=\"async\" class=\"wp-image-2818 size-medium\" src=\"http:\/\/fernwehkinder.de\/wp-content\/uploads\/2016\/09\/P9141084-300x225-1-300x225.jpg\" alt=\"\" width=\"300\" height=\"225\" \/><figcaption id=\"caption-attachment-2818\" class=\"wp-caption-text\">Bequem trotz Hitze<\/figcaption><\/figure>\n<p>Meine durch Hormone, Medikamente und Nutella entstandene Gewichtszunahme nach der Geburt meiner Zwillinge lie\u00df mich auf der <a href=\"http:\/\/fernwehkinder.de\/?p=975\">TourNatur <\/a>in D\u00fcsseldorf nach einer Outdoorhose in Gr\u00f6\u00dfe 44 suchen, denn nichts passte mehr so richtig. Das ist gar nicht so einfach. Viele Hersteller ziehen schon bei 42 oder einer sehr klein ausfallenden 44 den Schlussstrich.<\/p>\n<p>Immer hei\u00dft es, die Moppel sollen sich mehr bewegen. Aber VauDe, Jack Wolfskin, Fj\u00e4ll R\u00e4ven &amp; Co wollen wohl nur von schlanken, anmutigen Elfen durch den Wald gef\u00fchrt werden.<\/p>\n<p>Umso gl\u00fccklicher war ich, als mir an einem Messestand die\u00a0Funktionshose <a href=\"http:\/\/www.maier-sports.com\/de\/produkte\/damen\/katalog\/hosen\/funktionshose-lulaka\/#.V9E1_9SLTGi\">Lulaka <\/a>von Maier Sports gezeigt wurde, die sogar noch einige Nummern gr\u00f6\u00dfer verf\u00fcgbar gewesen w\u00e4re. Die Farbe schwarz ist zwar fad, aber ich nahm sie trotzdem.<\/p>\n<p>Was soll ich sagen: sie passt auch in Gr\u00f6\u00dfe 44 perfekt. Ich habe sie seit vergangenem Montag nur zum Schlafen und f\u00fcr eine Maschinenw\u00e4sche ausgezogen.\u00a0Nun habe ich endlich eine Hose gefunden, die ich bei Recherchewanderungen, beim Radfahren und im Alltag einfach nur trage, ohne dass ich sie sp\u00fcre.\u00a0Sie kneift nicht, sie rutscht nicht, sie trocknet schnell und sieht gut aus. In der Beintasche hat sie genug\u00a0Platz f\u00fcr einen Outdoorf\u00fchrer, die Eingreiftaschen haben eienn Rei\u00dfverschluss und es gibt zus\u00e4tzlich noch eine &#8222;Geheimtasche&#8220;, also eine im Bund festgen\u00e4hte Innentasche. Die Lulaka\u00a0l\u00e4sst sich krempeln, ohne dass es eng am Bein wird. Das Material ist klasse:\u00a0an ihr perlt nicht nur Regenwasser, sondern auch Babymilch fantastisch ab!<\/p>\n<p>Mit dem G\u00fcrtel lassen sich auch 5 kg rauf und runter regulieren. Er ist der einzige winzig kleine Schwachpunkt an der Hose, denn er darf nicht mitgewaschen werden. Mir ist es l\u00e4stig, ihn vor jeder W\u00e4sche zu entfernen. Aber nicht wirklich schlimm. Die meisten Outdoorhosen haben gar keinen G\u00fcrtel.<\/p>\n<p>Das ist zwar meine erste, aber definitiv nicht die letzte Hose von Maier Sports. Ich bin begeistert!<\/p>\n<hr \/>\n<p>Ich habe f\u00fcr die Hose 89,95 \u20ac bezahlt.<\/p>\n<hr \/>\n<p>Meine Lulaka ist jetzt zwei\u00a0Wochen alt und schon unangefochtene Lieblingshose.<\/p>\n<hr \/>\n<p>Stand:\u00a0September 2016<\/p>\n<figure id=\"attachment_2817\" aria-describedby=\"caption-attachment-2817\" style=\"width: 300px\" class=\"wp-caption alignleft\"><img loading=\"lazy\" decoding=\"async\" class=\"wp-image-2817 size-medium\" src=\"http:\/\/fernwehkinder.de\/wp-content\/uploads\/2016\/09\/P9141053-300x225-2-300x225.jpg\" alt=\"\" width=\"300\" height=\"225\" \/><figcaption id=\"caption-attachment-2817\" class=\"wp-caption-text\">Viel Bewegungsfreiheit<\/figcaption><\/figure>\n<figure id=\"attachment_2819\" aria-describedby=\"caption-attachment-2819\" style=\"width: 300px\" class=\"wp-caption alignleft\"><img loading=\"lazy\" decoding=\"async\" class=\"wp-image-2819 size-medium\" src=\"http:\/\/fernwehkinder.de\/wp-content\/uploads\/2016\/09\/P9141105-300x225-1-300x225.jpg\" alt=\"\" width=\"300\" height=\"225\" \/><figcaption id=\"caption-attachment-2819\" class=\"wp-caption-text\">Kneift nicht einmal mit angezogenen Beinen<\/figcaption><\/figure>\n<figure id=\"attachment_2820\" aria-describedby=\"caption-attachment-2820\" style=\"width: 300px\" class=\"wp-caption alignleft\"><img loading=\"lazy\" decoding=\"async\" class=\"wp-image-2820 size-medium\" src=\"http:\/\/fernwehkinder.de\/wp-content\/uploads\/2016\/09\/P9141114-300x225-1-300x225.jpg\" alt=\"\" width=\"300\" height=\"225\" \/><figcaption id=\"caption-attachment-2820\" class=\"wp-caption-text\">Ein Hingucker im Herbstlaub<\/figcaption><\/figure>\n<figure id=\"attachment_2821\" aria-describedby=\"caption-attachment-2821\" style=\"width: 300px\" class=\"wp-caption alignleft\"><img loading=\"lazy\" decoding=\"async\" class=\"wp-image-2821 size-medium\" src=\"http:\/\/fernwehkinder.de\/wp-content\/uploads\/2016\/09\/P9141166-300x225-1-300x225.jpg\" alt=\"\" width=\"300\" height=\"225\" \/><figcaption id=\"caption-attachment-2821\" class=\"wp-caption-text\">Selbst bei 33,5\u00b0C kein schwitziges Gef\u00fchl<\/figcaption><\/figure>\n<p>&nbsp;<\/p>\n<p>&nbsp;<\/p>\n","protected":false},"excerpt":{"rendered":"<p>Meine durch Hormone, Medikamente und Nutella entstandene Gewichtszunahme nach der Geburt meiner Zwillinge lie\u00df mich auf der TourNatur in D\u00fcsseldorf nach einer Outdoorhose&#8230;<\/p>\n","protected":false},"author":1,"featured_media":2820,"parent":498,"menu_order":0,"comment_status":"closed","ping_status":"closed","template":"","meta":{"jetpack_post_was_ever_published":false,"footnotes":""},"class_list":["post-1103","page","type-page","status-publish","has-post-thumbnail","hentry"],"jetpack_sharing_enabled":true,"jetpack-related-posts":[],"jetpack_likes_enabled":true,"_links":{"self":[{"href":"https:\/\/fernwehkinder.de\/index.php?rest_route=\/wp\/v2\/pages\/1103","targetHints":{"allow":["GET"]}}],"collection":[{"href":"https:\/\/fernwehkinder.de\/index.php?rest_route=\/wp\/v2\/pages"}],"about":[{"href":"https:\/\/fernwehkinder.de\/index.php?rest_route=\/wp\/v2\/types\/page"}],"author":[{"embeddable":true,"href":"https:\/\/fernwehkinder.de\/index.php?rest_route=\/wp\/v2\/users\/1"}],"replies":[{"embeddable":true,"href":"https:\/\/fernwehkinder.de\/index.php?rest_route=%2Fwp%2Fv2%2Fcomments&post=1103"}],"version-history":[{"count":0,"href":"https:\/\/fernwehkinder.de\/index.php?rest_route=\/wp\/v2\/pages\/1103\/revisions"}],"up":[{"embeddable":true,"href":"https:\/\/fernwehkinder.de\/index.php?rest_route=\/wp\/v2\/pages\/498"}],"wp:featuredmedia":[{"embeddable":true,"href":"https:\/\/fernwehkinder.de\/index.php?rest_route=\/wp\/v2\/media\/2820"}],"wp:attachment":[{"href":"https:\/\/fernwehkinder.de\/index.php?rest_route=%2Fwp%2Fv2%2Fmedia&parent=1103"}],"curies":[{"name":"wp","href":"https:\/\/api.w.org\/{rel}","templated":true}]}}