{"id":1131,"date":"2016-09-09T10:55:58","date_gmt":"2016-09-09T08:55:58","guid":{"rendered":"http:\/\/fernwehkinder.de\/?page_id=1131"},"modified":"2017-08-21T10:02:57","modified_gmt":"2017-08-21T08:02:57","slug":"source-widepac-3-l","status":"publish","type":"page","link":"https:\/\/fernwehkinder.de\/?page_id=1131","title":{"rendered":"Source Widepac 3 l"},"content":{"rendered":"<figure id=\"attachment_637\" aria-describedby=\"caption-attachment-637\" style=\"width: 300px\" class=\"wp-caption alignleft\"><img loading=\"lazy\" decoding=\"async\" class=\"size-medium wp-image-637\" src=\"http:\/\/fernwehkinder.de\/wp-content\/uploads\/2016\/08\/P8140330-300x225.jpg\" alt=\"OLYMPUS DIGITAL CAMERA\" width=\"300\" height=\"225\" srcset=\"https:\/\/fernwehkinder.de\/wp-content\/uploads\/2016\/08\/P8140330-300x225.jpg 300w, https:\/\/fernwehkinder.de\/wp-content\/uploads\/2016\/08\/P8140330-768x576.jpg 768w, https:\/\/fernwehkinder.de\/wp-content\/uploads\/2016\/08\/P8140330-1024x768.jpg 1024w\" sizes=\"auto, (max-width: 300px) 100vw, 300px\" \/><figcaption id=\"caption-attachment-637\" class=\"wp-caption-text\">Unser Saufsack!<\/figcaption><\/figure>\n<p>Trinkblase. Trinksystem. Hydration Pac.<\/p>\n<p>Was f\u00fcr sperrige Namen f\u00fcr eines meiner besten Ausr\u00fcstungsdetails, meinen geliebten <strong>Saufsack<\/strong>!<\/p>\n<p>Bevor ich ihn kannte, waren Kopfschmerzen vorprogrammiert, denn ich\u00a0trank viel zu wenig. Irgendwie ist es mir l\u00e4stig, eine Flasche aus dem Rucksack zu fummeln, selbst wenn er ein Au\u00dfenfach hat.<\/p>\n<p>Ist mein Saufsack\u00a0an Bord meines Rucksacks, bleibe ich verschont. Wann immer\u00a0\u00a0ich daran denke, kann ich ein paar Schlucke Wasser trinken. Der erste Schluck hat Au\u00dfentemperatur, weil er im Schlauch stand. Das kann im Winter ganz sch\u00f6n kalt sein, im Sommer ziemlich warm. Danach kommt Wasser in angenehmer Trinktemperatur.<\/p>\n<figure id=\"attachment_3193\" aria-describedby=\"caption-attachment-3193\" style=\"width: 300px\" class=\"wp-caption alignleft\"><img loading=\"lazy\" decoding=\"async\" class=\"wp-image-3193 size-medium\" src=\"http:\/\/fernwehkinder.de\/wp-content\/uploads\/2016\/09\/0419-aus-Mamas-Saufsack-trinken-300x225.jpg\" alt=\"\" width=\"300\" height=\"225\" srcset=\"https:\/\/fernwehkinder.de\/wp-content\/uploads\/2016\/09\/0419-aus-Mamas-Saufsack-trinken-300x225.jpg 300w, https:\/\/fernwehkinder.de\/wp-content\/uploads\/2016\/09\/0419-aus-Mamas-Saufsack-trinken-768x576.jpg 768w, https:\/\/fernwehkinder.de\/wp-content\/uploads\/2016\/09\/0419-aus-Mamas-Saufsack-trinken.jpg 800w\" sizes=\"auto, (max-width: 300px) 100vw, 300px\" \/><figcaption id=\"caption-attachment-3193\" class=\"wp-caption-text\">Taucher denken dabei an den Octopus<\/figcaption><\/figure>\n<figure id=\"attachment_3194\" aria-describedby=\"caption-attachment-3194\" style=\"width: 300px\" class=\"wp-caption alignright\"><img loading=\"lazy\" decoding=\"async\" class=\"wp-image-3194 size-medium\" src=\"http:\/\/fernwehkinder.de\/wp-content\/uploads\/2016\/09\/0420-So-wird-der-Saufsack-bef\u00fcllt-300x225.jpg\" alt=\"\" width=\"300\" height=\"225\" srcset=\"https:\/\/fernwehkinder.de\/wp-content\/uploads\/2016\/09\/0420-So-wird-der-Saufsack-bef\u00fcllt-300x225.jpg 300w, https:\/\/fernwehkinder.de\/wp-content\/uploads\/2016\/09\/0420-So-wird-der-Saufsack-bef\u00fcllt-768x576.jpg 768w, https:\/\/fernwehkinder.de\/wp-content\/uploads\/2016\/09\/0420-So-wird-der-Saufsack-bef\u00fcllt.jpg 800w\" sizes=\"auto, (max-width: 300px) 100vw, 300px\" \/><figcaption id=\"caption-attachment-3194\" class=\"wp-caption-text\">So wird er unterwegs bef\u00fcllt<\/figcaption><\/figure>\n<p>Auch meine T\u00f6chter lieben das Trinken aus dem Schlauch und haben alle schon die Technik verstanden, lange bevor sie laufen konnten.\u00a0Ich habe zwei <em>Source <\/em><a href=\"http:\/\/sourceoutdoor.com\/de\/trinkblasen\/11-widepac-trinksystem#\/grosse-3_liter\"><em>Widepac<\/em>s <\/a>mit einem F\u00fcllinhalt von je 3 l. Die muss ich ja bei kurzen Wanderungen nicht komplett ausnutzen, an trockenen hei\u00dfen Tagen profitieren auch die Hunde davon (Nein, Hunde\u00a0saufen bei mir trotz des &#8222;antimicrobial system&#8220; nicht aus dem Schlauch, sondern aus der <a href=\"http:\/\/fernwehkinder.de\/?page_id=958\">Faltsch\u00fcssel<\/a>).<\/p>\n<p><img loading=\"lazy\" decoding=\"async\" class=\"size-medium wp-image-1132 alignright\" src=\"http:\/\/fernwehkinder.de\/wp-content\/uploads\/2016\/09\/0000-Ausr\u00fcstung-02-Sacksack-babyleicht-zu-bedienen-225x300.jpg\" alt=\"0000 (Ausr\u00fcstung) 02 Sacksack, babyleicht zu bedienen\" width=\"225\" height=\"300\" srcset=\"https:\/\/fernwehkinder.de\/wp-content\/uploads\/2016\/09\/0000-Ausr\u00fcstung-02-Sacksack-babyleicht-zu-bedienen-225x300.jpg 225w, https:\/\/fernwehkinder.de\/wp-content\/uploads\/2016\/09\/0000-Ausr\u00fcstung-02-Sacksack-babyleicht-zu-bedienen-768x1024.jpg 768w\" sizes=\"auto, (max-width: 225px) 100vw, 225px\" \/><img loading=\"lazy\" decoding=\"async\" class=\"size-medium wp-image-1133 alignleft\" src=\"http:\/\/fernwehkinder.de\/wp-content\/uploads\/2016\/09\/0000-Ausr\u00fcstung-03-Sacksack-babyleicht-zu-bedienen-300x225.jpg\" alt=\"0000 (Ausr\u00fcstung) 03 Sacksack, babyleicht zu bedienen\" width=\"300\" height=\"225\" srcset=\"https:\/\/fernwehkinder.de\/wp-content\/uploads\/2016\/09\/0000-Ausr\u00fcstung-03-Sacksack-babyleicht-zu-bedienen-300x225.jpg 300w, https:\/\/fernwehkinder.de\/wp-content\/uploads\/2016\/09\/0000-Ausr\u00fcstung-03-Sacksack-babyleicht-zu-bedienen-768x576.jpg 768w, https:\/\/fernwehkinder.de\/wp-content\/uploads\/2016\/09\/0000-Ausr\u00fcstung-03-Sacksack-babyleicht-zu-bedienen-1024x768.jpg 1024w\" sizes=\"auto, (max-width: 300px) 100vw, 300px\" \/>Inzwischen ist es bei vielen Touren so, dass ich den einen Saufsack im Rucksack habe und den\u00a0anderen im Buggy oder Fahrradanh\u00e4nger f\u00fcr die Minim\u00e4use. Aktuell bin ich auf der Suche nach einem Rucksack f\u00fcr Aurelia, der f\u00fcr ein Trinksystem geeignet ist, damit sie nicht immer zu mir gerannt kommen muss, wenn sie unterwegs Durst bekommt.<\/p>\n<p>Der Widepac l\u00e4sst sich leicht bef\u00fcllen und hat einen praktischen Schiebeverschluss. Hygienisch einwandfrei ist er auch, denn man kann zum Reinigen und Lagern den Schlauch von der Trinkblase trennen. Vorsicht! Das ist nicht bei allen Herstellern und Modellen der Fall.<\/p>\n<hr \/>\n<p>Source Widepac gibt es mit 1,5l, 2 l und 3 l Inhalt um die 30 \u20ac im <a href=\"http:\/\/sourceoutdoor.com\/de\/trinkblasen\/11-widepac-trinksystem#\/grosse-3_liter\">Shop <\/a>von Source Outdoor.<\/p>\n<hr \/>\n<p>Ich habe ihn vor etwa 8 Jahren bei Globetrotter gekauft. Was ich damals bezahlt habe, wei\u00df ich nicht mehr.<\/p>\n<hr \/>\n<p>Stand: September\u00a02016<\/p>\n","protected":false},"excerpt":{"rendered":"<p>Trinkblase. Trinksystem. Hydration Pac. Was f\u00fcr sperrige Namen f\u00fcr eines meiner besten Ausr\u00fcstungsdetails, meinen geliebten Saufsack! Bevor ich ihn kannte, waren Kopfschmerzen vorprogrammiert,&#8230;<\/p>\n","protected":false},"author":1,"featured_media":0,"parent":498,"menu_order":0,"comment_status":"closed","ping_status":"closed","template":"","meta":{"jetpack_post_was_ever_published":false,"footnotes":""},"class_list":["post-1131","page","type-page","status-publish","hentry"],"jetpack_sharing_enabled":true,"jetpack-related-posts":[],"jetpack_likes_enabled":true,"_links":{"self":[{"href":"https:\/\/fernwehkinder.de\/index.php?rest_route=\/wp\/v2\/pages\/1131","targetHints":{"allow":["GET"]}}],"collection":[{"href":"https:\/\/fernwehkinder.de\/index.php?rest_route=\/wp\/v2\/pages"}],"about":[{"href":"https:\/\/fernwehkinder.de\/index.php?rest_route=\/wp\/v2\/types\/page"}],"author":[{"embeddable":true,"href":"https:\/\/fernwehkinder.de\/index.php?rest_route=\/wp\/v2\/users\/1"}],"replies":[{"embeddable":true,"href":"https:\/\/fernwehkinder.de\/index.php?rest_route=%2Fwp%2Fv2%2Fcomments&post=1131"}],"version-history":[{"count":0,"href":"https:\/\/fernwehkinder.de\/index.php?rest_route=\/wp\/v2\/pages\/1131\/revisions"}],"up":[{"embeddable":true,"href":"https:\/\/fernwehkinder.de\/index.php?rest_route=\/wp\/v2\/pages\/498"}],"wp:attachment":[{"href":"https:\/\/fernwehkinder.de\/index.php?rest_route=%2Fwp%2Fv2%2Fmedia&parent=1131"}],"curies":[{"name":"wp","href":"https:\/\/api.w.org\/{rel}","templated":true}]}}