{"id":1183,"date":"2016-09-09T22:57:26","date_gmt":"2016-09-09T20:57:26","guid":{"rendered":"http:\/\/fernwehkinder.de\/?page_id=1183"},"modified":"2016-11-02T21:00:51","modified_gmt":"2016-11-02T20:00:51","slug":"land-rover-defender-station-wagon-110","status":"publish","type":"page","link":"https:\/\/fernwehkinder.de\/?page_id=1183","title":{"rendered":"Land Rover Defender Station Wagon 110"},"content":{"rendered":"<p><img loading=\"lazy\" decoding=\"async\" class=\"size-medium wp-image-1175 alignleft\" src=\"http:\/\/fernwehkinder.de\/wp-content\/uploads\/2016\/09\/CIMG0247-300x225.jpg\" alt=\"CIMG0247\" width=\"300\" height=\"225\" srcset=\"https:\/\/fernwehkinder.de\/wp-content\/uploads\/2016\/09\/CIMG0247-300x225.jpg 300w, https:\/\/fernwehkinder.de\/wp-content\/uploads\/2016\/09\/CIMG0247-768x576.jpg 768w, https:\/\/fernwehkinder.de\/wp-content\/uploads\/2016\/09\/CIMG0247-1024x768.jpg 1024w\" sizes=\"auto, (max-width: 300px) 100vw, 300px\" \/>F\u00fcr meine Recherchen in Tunesien ben\u00f6tigte ich einen Gel\u00e4ndewagen. Zwar hatte mir Stephs Landy immer gut gefallen, dennoch sah ich mich 2003\/2004 auch bei Nissan, Jeep und anderen Marken um, machte Probefahrten, las Kritiken und diskutierte mit Fahrzeughaltern. Es half nichts. In meinem Herzen ist nur Platz f\u00fcr einen Gel\u00e4ndewagen: den Landy = Land Rover Defender Station Wagon 110.<\/p>\n<p>Nat\u00fcrlich versuchte ich das sachlich zu erkl\u00e4ren: Eine bessere Verschr\u00e4nkung im Gel\u00e4nde bietet kein anderes Fahrzeug (au\u00dfer dem 90er, der aber zu klein ist).<\/p>\n<p>Ich versuchte es finanziell zu erkl\u00e4ren: Die Mitbewerber waren durch die Bank deutlich teurer als der Landy.<\/p>\n<p>Aber ganz ehrlich: Es war einzig und allein eine Entscheidung des Herzens. Der oder keiner! Es musste ein Landy sein.<\/p>\n<p><img loading=\"lazy\" decoding=\"async\" class=\"size-medium wp-image-1188 alignright\" src=\"http:\/\/fernwehkinder.de\/wp-content\/uploads\/2016\/09\/Der-gro\u00dfe-Sandkasten-an-der-algerischen-Grenze6-DW-300x200.jpg\" alt=\"Der gro\u00dfe Sandkasten an der algerischen Grenze6 DW\" width=\"300\" height=\"200\" srcset=\"https:\/\/fernwehkinder.de\/wp-content\/uploads\/2016\/09\/Der-gro\u00dfe-Sandkasten-an-der-algerischen-Grenze6-DW-300x200.jpg 300w, https:\/\/fernwehkinder.de\/wp-content\/uploads\/2016\/09\/Der-gro\u00dfe-Sandkasten-an-der-algerischen-Grenze6-DW-768x512.jpg 768w, https:\/\/fernwehkinder.de\/wp-content\/uploads\/2016\/09\/Der-gro\u00dfe-Sandkasten-an-der-algerischen-Grenze6-DW-1024x683.jpg 1024w\" sizes=\"auto, (max-width: 300px) 100vw, 300px\" \/>Dieses 50 Jahre alte Design spricht mich einfach an, l\u00e4sst mein Herz vibrieren. Dadurch hat das Fahrzeug zwar einen CW-Wert wie eine Schrankwand. Aber schaut euch doch &#8218;mal die ersten erkennbaren Autos an, die eure Kinder malen: es sind Landys! Kantig, kastig, klasse!<\/p>\n<p>Macken hat der Landy viele: Die Spaltma\u00dfe sind im modernen Fahrzeugbau un\u00fcbertroffen, es gibt mehr potentielle Wassereintrittsstellen als Nieten, die Scheibenwischer sind winzig, der L\u00e4rm im Innenraum enorm, er s\u00e4uft wie ein Loch. Alles piepegal. Nur im Landy habe ich ein echtes 4&#215;4-Feeling, auch wenn ich schon etliche andere Gel\u00e4ndewagen gefahren bin. Mir hat daran sogar das Schrauben und Ausgraben Spass gemacht!<\/p>\n<p><img loading=\"lazy\" decoding=\"async\" class=\"size-medium wp-image-1189 alignright\" src=\"http:\/\/fernwehkinder.de\/wp-content\/uploads\/2016\/09\/Ausgrabung-im-Sperrgebiet-DW-300x225.jpg\" alt=\"Ausgrabung im Sperrgebiet DW\" width=\"300\" height=\"225\" srcset=\"https:\/\/fernwehkinder.de\/wp-content\/uploads\/2016\/09\/Ausgrabung-im-Sperrgebiet-DW-300x225.jpg 300w, https:\/\/fernwehkinder.de\/wp-content\/uploads\/2016\/09\/Ausgrabung-im-Sperrgebiet-DW-768x576.jpg 768w, https:\/\/fernwehkinder.de\/wp-content\/uploads\/2016\/09\/Ausgrabung-im-Sperrgebiet-DW-1024x768.jpg 1024w\" sizes=\"auto, (max-width: 300px) 100vw, 300px\" \/>Treu hat er mich w\u00e4hrend meiner Recherchen in Tunesien begleitet. Ich habe ihn mit Dachgep\u00e4cktr\u00e4ger, Reserveradtr\u00e4ger, Unterfahrschutz und Kotfl\u00fcgelverst\u00e4rkungen von <a href=\"http:\/\/www.ex-tec.de\/\">Ex-Tec<\/a>\u00a0w\u00fcstentauglich machen lassen\u00a0und mit einem Dachzelt zum Expeditionsmobil aufger\u00fcstet. Der riesige K\u00fchlwasserkreislauf brauchte im Winter zwar ewig, bis es im Fahrgastraum warm wurde, daf\u00fcr mussten wir aber nie mit kochendem Motor irgendwo anhalten. Nicht einmal, als wir auf der Suche nach einem Artesischen Brunnen den Motor so hei\u00df laufen lie\u00dfen, dass die laut GPS gefahrenen 4 km auf dem Kilometerz\u00e4hler im Tacho als 18 km angezeigt wurden und das Wasser in unseren Wasserflaschen im Fu\u00dfraum hei\u00dfer war als der Tee in meiner Thermoskanne. Als Ende 2011 feststand, dass ich auf absehbare Zeit nicht mehr in Tunesien recherchieren w\u00fcrde und sich teure Reparaturen h\u00e4uften, lie\u00df ich mich bequatschen, ihn zu verkaufen. Das bereue ich bis heute.<\/p>\n<p><img loading=\"lazy\" decoding=\"async\" class=\"alignnone size-medium wp-image-1184\" src=\"http:\/\/fernwehkinder.de\/wp-content\/uploads\/2016\/09\/Ingrid-Retterath-im-s\u00fcdtunesischen-Sperrgebiet-300x199.jpg\" alt=\"Ingrid Retterath (im s\u00fcdtunesischen Sperrgebiet)\" width=\"300\" height=\"199\" srcset=\"https:\/\/fernwehkinder.de\/wp-content\/uploads\/2016\/09\/Ingrid-Retterath-im-s\u00fcdtunesischen-Sperrgebiet-300x199.jpg 300w, https:\/\/fernwehkinder.de\/wp-content\/uploads\/2016\/09\/Ingrid-Retterath-im-s\u00fcdtunesischen-Sperrgebiet-768x511.jpg 768w, https:\/\/fernwehkinder.de\/wp-content\/uploads\/2016\/09\/Ingrid-Retterath-im-s\u00fcdtunesischen-Sperrgebiet-1024x681.jpg 1024w\" sizes=\"auto, (max-width: 300px) 100vw, 300px\" \/> <img loading=\"lazy\" decoding=\"async\" class=\"alignnone size-medium wp-image-1185\" src=\"http:\/\/fernwehkinder.de\/wp-content\/uploads\/2016\/09\/Der-gro\u00dfe-Sandkasten-an-der-algerischen-Grenze5-DW-300x199.jpg\" alt=\"Der gro\u00dfe Sandkasten an der algerischen Grenze5 DW\" width=\"300\" height=\"199\" srcset=\"https:\/\/fernwehkinder.de\/wp-content\/uploads\/2016\/09\/Der-gro\u00dfe-Sandkasten-an-der-algerischen-Grenze5-DW-300x199.jpg 300w, https:\/\/fernwehkinder.de\/wp-content\/uploads\/2016\/09\/Der-gro\u00dfe-Sandkasten-an-der-algerischen-Grenze5-DW-768x511.jpg 768w, https:\/\/fernwehkinder.de\/wp-content\/uploads\/2016\/09\/Der-gro\u00dfe-Sandkasten-an-der-algerischen-Grenze5-DW-1024x681.jpg 1024w\" sizes=\"auto, (max-width: 300px) 100vw, 300px\" \/> <img loading=\"lazy\" decoding=\"async\" class=\"alignnone size-medium wp-image-1187\" src=\"http:\/\/fernwehkinder.de\/wp-content\/uploads\/2016\/09\/Bir-Tiaret1-DW-300x199.jpg\" alt=\"Bir Tiaret1 DW\" width=\"300\" height=\"199\" srcset=\"https:\/\/fernwehkinder.de\/wp-content\/uploads\/2016\/09\/Bir-Tiaret1-DW-300x199.jpg 300w, https:\/\/fernwehkinder.de\/wp-content\/uploads\/2016\/09\/Bir-Tiaret1-DW-768x511.jpg 768w, https:\/\/fernwehkinder.de\/wp-content\/uploads\/2016\/09\/Bir-Tiaret1-DW-1024x681.jpg 1024w\" sizes=\"auto, (max-width: 300px) 100vw, 300px\" \/> <img loading=\"lazy\" decoding=\"async\" class=\"alignnone size-medium wp-image-1186\" src=\"http:\/\/fernwehkinder.de\/wp-content\/uploads\/2016\/09\/Bir-Pistor1-DW-300x199.jpg\" alt=\"Bir Pistor1 DW\" width=\"300\" height=\"199\" srcset=\"https:\/\/fernwehkinder.de\/wp-content\/uploads\/2016\/09\/Bir-Pistor1-DW-300x199.jpg 300w, https:\/\/fernwehkinder.de\/wp-content\/uploads\/2016\/09\/Bir-Pistor1-DW-768x511.jpg 768w, https:\/\/fernwehkinder.de\/wp-content\/uploads\/2016\/09\/Bir-Pistor1-DW-1024x681.jpg 1024w\" sizes=\"auto, (max-width: 300px) 100vw, 300px\" \/><\/p>\n<hr \/>\n<p>Das Fahrzeug wird nicht mehr produziert, ich kann also keinen aktuellen Neupreis nennen. Ich habe damals etwa 27.000 \u20ac (ohne Ausbauten und Dachzelt) gezahlt.<\/p>\n<hr \/>\n<p>Er hat mich sieben Jahre durch den Alltag und die w\u00fcstesten W\u00fcstenrecherchen begleitet.<\/p>\n<hr \/>\n<p>Stand: September\u00a02016<\/p>\n","protected":false},"excerpt":{"rendered":"<p>F\u00fcr meine Recherchen in Tunesien ben\u00f6tigte ich einen Gel\u00e4ndewagen. Zwar hatte mir Stephs Landy immer gut gefallen, dennoch sah ich mich 2003\/2004 auch&#8230;<\/p>\n","protected":false},"author":1,"featured_media":0,"parent":498,"menu_order":0,"comment_status":"closed","ping_status":"closed","template":"","meta":{"jetpack_post_was_ever_published":false,"footnotes":""},"class_list":["post-1183","page","type-page","status-publish","hentry"],"jetpack_sharing_enabled":true,"jetpack-related-posts":[],"jetpack_likes_enabled":true,"_links":{"self":[{"href":"https:\/\/fernwehkinder.de\/index.php?rest_route=\/wp\/v2\/pages\/1183","targetHints":{"allow":["GET"]}}],"collection":[{"href":"https:\/\/fernwehkinder.de\/index.php?rest_route=\/wp\/v2\/pages"}],"about":[{"href":"https:\/\/fernwehkinder.de\/index.php?rest_route=\/wp\/v2\/types\/page"}],"author":[{"embeddable":true,"href":"https:\/\/fernwehkinder.de\/index.php?rest_route=\/wp\/v2\/users\/1"}],"replies":[{"embeddable":true,"href":"https:\/\/fernwehkinder.de\/index.php?rest_route=%2Fwp%2Fv2%2Fcomments&post=1183"}],"version-history":[{"count":0,"href":"https:\/\/fernwehkinder.de\/index.php?rest_route=\/wp\/v2\/pages\/1183\/revisions"}],"up":[{"embeddable":true,"href":"https:\/\/fernwehkinder.de\/index.php?rest_route=\/wp\/v2\/pages\/498"}],"wp:attachment":[{"href":"https:\/\/fernwehkinder.de\/index.php?rest_route=%2Fwp%2Fv2%2Fmedia&parent=1183"}],"curies":[{"name":"wp","href":"https:\/\/api.w.org\/{rel}","templated":true}]}}