{"id":1269,"date":"2016-09-16T22:40:00","date_gmt":"2016-09-16T20:40:00","guid":{"rendered":"http:\/\/fernwehkinder.de\/?page_id=1269"},"modified":"2016-09-24T22:06:43","modified_gmt":"2016-09-24T20:06:43","slug":"elkline-sternschnuppe-strickfleece-babyoverall","status":"publish","type":"page","link":"https:\/\/fernwehkinder.de\/?page_id=1269","title":{"rendered":"Elkline Fleece Babyoverall"},"content":{"rendered":"<figure id=\"attachment_12\" aria-describedby=\"caption-attachment-12\" style=\"width: 300px\" class=\"wp-caption alignleft\"><img loading=\"lazy\" decoding=\"async\" class=\"wp-image-12 size-medium\" src=\"http:\/\/fernwehkinder.de\/wp-content\/uploads\/2016\/03\/PB150052-300x225.jpg\" alt=\"OLYMPUS DIGITAL CAMERA\" width=\"300\" height=\"225\" srcset=\"https:\/\/fernwehkinder.de\/wp-content\/uploads\/2016\/03\/PB150052-300x225.jpg 300w, https:\/\/fernwehkinder.de\/wp-content\/uploads\/2016\/03\/PB150052-768x576.jpg 768w, https:\/\/fernwehkinder.de\/wp-content\/uploads\/2016\/03\/PB150052-1024x768.jpg 1024w, https:\/\/fernwehkinder.de\/wp-content\/uploads\/2016\/03\/PB150052-1200x900.jpg 1200w\" sizes=\"auto, (max-width: 300px) 100vw, 300px\" \/><figcaption id=\"caption-attachment-12\" class=\"wp-caption-text\">Wickelpause im Aostatal November 2015<\/figcaption><\/figure>\n<p>Meine beiden Hasen\u00a0f\u00fchlten sich im letzten Herbst\/Winter\/Fr\u00fchjahr in ihren Schneeanz\u00fcgen\u00a0sehr wohl. Bei jedem Gang vor die T\u00fcr von trugen die beiden diese Fleeceoveralls von Elkline:\u00a0im Kinderwagen, auf dem Schlitten, beim Wandern, im Buggy, auf dem Spielplatz, \u00fcberall.<\/p>\n<p>Die Kinder sind Dank des langen Rei\u00dfverschlusses\u00a0schnell drin und wieder drau\u00dfen, schwitzen nicht, frieren nicht, man spart sich also viel Gejammer. Kein Rei\u00dfverschluss scheuert am Kinn, denn da ist ein St\u00fcck Stoff vorgen\u00e4ht.<\/p>\n<p>Wir haben die Anz\u00fcge in Gr\u00f6\u00dfe 68\/74, sie passten unseren im Mai geborenen Zwillingen von September bis Mai perfekt. Sie haben pflegeleichte Farben (blau und braun, auf denen nicht jeder Dreck zu sehen ist) und sehen nach nach etlichen Maschinenw\u00e4schen\u00a0noch aus wie vorher. Besonders praktisch finde ich die Klappb\u00fcndchen an H\u00e4nden und F\u00fc\u00dfen: sie bieten dem wachen Kind Freiheit und dem schlafenden Kind W\u00e4rme. Erstaunlicherweise motzten sie auch bei den Kapuzen nicht, w\u00e4hrend sie bei anderen Kapuzen oder M\u00fctzen sofort protestierten.<\/p>\n<p>Vor etlichen Jahren hatte ich mich in Rudolfine von Elkline verliebt, ein T-Shirt mit einem bezaubernden Elch. Das hatte ich mir in vier verschiedenen Farben gekauft. Ich h\u00e4tte es besser in vier verschiedenen Gr\u00f6\u00dfen gekauft, denn es passt mir partout nicht mehr. Die inzwischen zu klein gewordenen Overalls sind f\u00fcr mich ein willkommener Anlass, bei der ohnehin f\u00e4llig werdenden Bestellung ein Shirt f\u00fcr mich auf den Bestellzettel zu schreiben.<\/p>\n<hr \/>\n<p>Die Anz\u00fcge sind nur noch gebraucht zu haben. Es gibt ein Nachfolgemodell aus Strickfleece, das aber d\u00fcnner ist.<\/p>\n<hr \/>\n<p>Ich habe die Anz\u00fcge im Sp\u00e4tsommer 2015 gekauft, nun passen sie leider nicht mehr.<\/p>\n<hr \/>\n<p>Stand: September 2016<\/p>\n<figure id=\"attachment_1273\" aria-describedby=\"caption-attachment-1273\" style=\"width: 300px\" class=\"wp-caption alignleft\"><img loading=\"lazy\" decoding=\"async\" class=\"size-medium wp-image-1273\" src=\"http:\/\/fernwehkinder.de\/wp-content\/uploads\/2016\/09\/P2060824-300x225.jpg\" alt=\"OLYMPUS DIGITAL CAMERA\" width=\"300\" height=\"225\" srcset=\"https:\/\/fernwehkinder.de\/wp-content\/uploads\/2016\/09\/P2060824-300x225.jpg 300w, https:\/\/fernwehkinder.de\/wp-content\/uploads\/2016\/09\/P2060824-768x576.jpg 768w, https:\/\/fernwehkinder.de\/wp-content\/uploads\/2016\/09\/P2060824-1024x768.jpg 1024w\" sizes=\"auto, (max-width: 300px) 100vw, 300px\" \/><figcaption id=\"caption-attachment-1273\" class=\"wp-caption-text\">Karneval 2016 unter dem Kost\u00fcm<\/figcaption><\/figure>\n<figure id=\"attachment_1271\" aria-describedby=\"caption-attachment-1271\" style=\"width: 300px\" class=\"wp-caption alignleft\"><img loading=\"lazy\" decoding=\"async\" class=\"size-medium wp-image-1271\" src=\"http:\/\/fernwehkinder.de\/wp-content\/uploads\/2016\/09\/PB160131-300x225.jpg\" alt=\"OLYMPUS DIGITAL CAMERA\" width=\"300\" height=\"225\" srcset=\"https:\/\/fernwehkinder.de\/wp-content\/uploads\/2016\/09\/PB160131-300x225.jpg 300w, https:\/\/fernwehkinder.de\/wp-content\/uploads\/2016\/09\/PB160131-768x576.jpg 768w, https:\/\/fernwehkinder.de\/wp-content\/uploads\/2016\/09\/PB160131-1024x768.jpg 1024w\" sizes=\"auto, (max-width: 300px) 100vw, 300px\" \/><figcaption id=\"caption-attachment-1271\" class=\"wp-caption-text\">Recherche-Radtour im Dezember 2015<\/figcaption><\/figure>\n","protected":false},"excerpt":{"rendered":"<p>Meine beiden Hasen\u00a0f\u00fchlten sich im letzten Herbst\/Winter\/Fr\u00fchjahr in ihren Schneeanz\u00fcgen\u00a0sehr wohl. Bei jedem Gang vor die T\u00fcr von trugen die beiden diese Fleeceoveralls&#8230;<\/p>\n","protected":false},"author":1,"featured_media":0,"parent":498,"menu_order":0,"comment_status":"closed","ping_status":"closed","template":"","meta":{"jetpack_post_was_ever_published":false,"footnotes":""},"class_list":["post-1269","page","type-page","status-publish","hentry"],"jetpack_sharing_enabled":true,"jetpack-related-posts":[],"jetpack_likes_enabled":true,"_links":{"self":[{"href":"https:\/\/fernwehkinder.de\/index.php?rest_route=\/wp\/v2\/pages\/1269","targetHints":{"allow":["GET"]}}],"collection":[{"href":"https:\/\/fernwehkinder.de\/index.php?rest_route=\/wp\/v2\/pages"}],"about":[{"href":"https:\/\/fernwehkinder.de\/index.php?rest_route=\/wp\/v2\/types\/page"}],"author":[{"embeddable":true,"href":"https:\/\/fernwehkinder.de\/index.php?rest_route=\/wp\/v2\/users\/1"}],"replies":[{"embeddable":true,"href":"https:\/\/fernwehkinder.de\/index.php?rest_route=%2Fwp%2Fv2%2Fcomments&post=1269"}],"version-history":[{"count":0,"href":"https:\/\/fernwehkinder.de\/index.php?rest_route=\/wp\/v2\/pages\/1269\/revisions"}],"up":[{"embeddable":true,"href":"https:\/\/fernwehkinder.de\/index.php?rest_route=\/wp\/v2\/pages\/498"}],"wp:attachment":[{"href":"https:\/\/fernwehkinder.de\/index.php?rest_route=%2Fwp%2Fv2%2Fmedia&parent=1269"}],"curies":[{"name":"wp","href":"https:\/\/api.w.org\/{rel}","templated":true}]}}