{"id":1639,"date":"2016-11-29T13:58:12","date_gmt":"2016-11-29T12:58:12","guid":{"rendered":"http:\/\/fernwehkinder.de\/?page_id=1639"},"modified":"2016-12-02T06:19:42","modified_gmt":"2016-12-02T05:19:42","slug":"innosnacks-und-innodrink","status":"publish","type":"page","link":"https:\/\/fernwehkinder.de\/?page_id=1639","title":{"rendered":"Innosnacks und Innodrink"},"content":{"rendered":"<p>&nbsp;<\/p>\n<figure id=\"attachment_1733\" aria-describedby=\"caption-attachment-1733\" style=\"width: 300px\" class=\"wp-caption alignleft\"><img loading=\"lazy\" decoding=\"async\" class=\"size-medium wp-image-1733\" src=\"http:\/\/fernwehkinder.de\/wp-content\/uploads\/2016\/11\/PA081441-300x225.jpg\" alt=\"OLYMPUS DIGITAL CAMERA\" width=\"300\" height=\"225\" srcset=\"https:\/\/fernwehkinder.de\/wp-content\/uploads\/2016\/11\/PA081441-300x225.jpg 300w, https:\/\/fernwehkinder.de\/wp-content\/uploads\/2016\/11\/PA081441-768x576.jpg 768w, https:\/\/fernwehkinder.de\/wp-content\/uploads\/2016\/11\/PA081441-1024x768.jpg 1024w\" sizes=\"auto, (max-width: 300px) 100vw, 300px\" \/><figcaption id=\"caption-attachment-1733\" class=\"wp-caption-text\">Pausensnack mit Aussicht<\/figcaption><\/figure>\n<p>Eine meiner besten Entdeckungen auf der letzten <a href=\"http:\/\/fernwehkinder.de\/?p=975\">TourNatur\u00a0<\/a>waren die Knusperriegel\u00a0von Innosnack. Aurelia und ich bedienten\u00a0uns schon mehrfach an dem Probiertablett, bekamen einen Riegel f\u00fcr unsere Anmeldung zum Newsletter geschenkt und kauften noch ein halbes Duzend. Damit war es um mich geschehen, diese K\u00f6stlichkeiten sind zum unverzichtbaren Bestandteil meiner Rucksackverpflegung geworden.<\/p>\n<p>Wie sch\u00f6n, dass der Inhaber Marco Steinhilber Blogger und Blogleser mag. Daher schickte er mir nach der Messe ein Futterpaket mit Snacks und Getr\u00e4nkepulver.<\/p>\n<p>Noch besser:<\/p>\n<p style=\"text-align: center;\"><span style=\"color: #800080;\"><em><strong>Unter meinen Lesern verlost er DREI\u00a0Weihnachtsp\u00e4ckchen!<\/strong><\/em><\/span><\/p>\n<p><img loading=\"lazy\" decoding=\"async\" class=\"size-medium wp-image-1768 aligncenter\" src=\"http:\/\/fernwehkinder.de\/wp-content\/uploads\/2016\/12\/Geschenkbox-auf-Heu-shop-300x200.png\" alt=\"geschenkbox-auf-heu-shop\" width=\"300\" height=\"200\" srcset=\"https:\/\/fernwehkinder.de\/wp-content\/uploads\/2016\/12\/Geschenkbox-auf-Heu-shop-300x200.png 300w, https:\/\/fernwehkinder.de\/wp-content\/uploads\/2016\/12\/Geschenkbox-auf-Heu-shop-768x513.png 768w, https:\/\/fernwehkinder.de\/wp-content\/uploads\/2016\/12\/Geschenkbox-auf-Heu-shop.png 800w\" sizes=\"auto, (max-width: 300px) 100vw, 300px\" \/>Bitte einfach\u00a0bis zum 14. Dezember 2016 schreiben:\u00a0 [contact-form][contact-field label=&#8217;Name&#8216; type=&#8217;name&#8216; required=&#8217;1&#8217;\/][contact-field label=&#8217;E-Mail&#8216; type=&#8217;email&#8216; required=&#8217;1&#8217;\/][contact-field label=&#8217;Kommentar&#8216; type=&#8217;textarea&#8216; required=&#8217;1&#8217;\/][\/contact-form]<\/p>\n<p>Worum geht es bei Innosnacks?<\/p>\n<p>So habe ich es verstanden: Wanderer und Sportler haben Hunger und verbrauchen Kalorien. Essen sie nur &#8222;normalen&#8220; Zucker, geht der zwar schnell ins Blut, ist aber ebenso schnell wieder abgebaut. Der Hunger ist wieder da, au\u00dferdem ein neues kleines P\u00f6lsterchen auf der H\u00fcfte oder am Bauch. Was der K\u00f6rper braucht, sind Eiwei\u00dfe und laaaangsam ins Blut \u00fcbergehende Kohlehydrate.<\/p>\n<p>Isomaltose ersetzt herk\u00f6mmlichen Zucker und ist dabei gut s\u00e4ttigend. Sie liefert Energie, hochwertige Fetts\u00e4uren, Ballast- und Mineralstoffe.<\/p>\n<p>Die <strong>Innobars<\/strong>\u00a0Energiesnacks auf Sesambasis sind gesund, vegan, laktose- und glutenfrei.\u00a0Das ist zwar prima, aber f\u00fcr mich das Wichtigste ist: die Dinger sind lecker und herrlich knusprig. Momentan gibt es die Sorten Leinsamen, Mohn, K\u00fcrbiskern und Quinoa. Mein Favorit ist Mohn, die anderen Sorten sind auch prima. Nur Quinoa wird nach dem \u00d6ffnen der Packung schnell weich, kann also nicht erst am n\u00e4chsten Tag weiter geknabbert werden.<\/p>\n<figure id=\"attachment_1734\" aria-describedby=\"caption-attachment-1734\" style=\"width: 300px\" class=\"wp-caption alignright\"><img loading=\"lazy\" decoding=\"async\" class=\"size-medium wp-image-1734\" src=\"http:\/\/fernwehkinder.de\/wp-content\/uploads\/2016\/11\/PA081317-300x225.jpg\" alt=\"OLYMPUS DIGITAL CAMERA\" width=\"300\" height=\"225\" srcset=\"https:\/\/fernwehkinder.de\/wp-content\/uploads\/2016\/11\/PA081317-300x225.jpg 300w, https:\/\/fernwehkinder.de\/wp-content\/uploads\/2016\/11\/PA081317-768x576.jpg 768w, https:\/\/fernwehkinder.de\/wp-content\/uploads\/2016\/11\/PA081317-1024x768.jpg 1024w\" sizes=\"auto, (max-width: 300px) 100vw, 300px\" \/><figcaption id=\"caption-attachment-1734\" class=\"wp-caption-text\">Immer dabei &#8211; meine drei wichtigsten Wanderutensilien ;o)<\/figcaption><\/figure>\n<p>S\u00e4ttigend sind alle Sorten, dazu im Rucksack sch\u00f6n leicht. Die anfangs recht empfindliche Plastikfolie h\u00e4lt einiges aus, ein Riegel war drei Wochen ganz unten im Rucksack mit dabei, alles wurde auf ihn drauf geworfen. Als ich ihn vollkommen zerbr\u00f6selt wieder heraus zog, war die H\u00fclle nur an einer Stelle etwa 1 mm eingerissen.<\/p>\n<p>Meist konnte ich mich bei den in der Au\u00dfentasche des Rucksacks transportierten Exemplaren gar nicht entscheiden, welche Sorte ich als n\u00e4chstes esse. Ich habe deshalb f\u00fcr mich nun die wiederverschlie\u00dfbare T\u00fcte mit kleinen Br\u00f6ckchen namens Minimix bestellt, dann entscheidet der Zufall, ob ich als n\u00e4chstes Leinsamen, K\u00fcrbiskern, Sonnenblumenkern oder Mohn schmecke.<\/p>\n<p>Ferner waren in meinem Testpaket auch Proben der <strong>Innodrinks<\/strong> enthalten. Das ist Pulver, mit dem man ein Erfrischungsgetr\u00e4nk anmischen kann. In Mallorca haben Aurelia und ich es im <a href=\"http:\/\/fernwehkinder.de\/?page_id=1131\">Saufsack <\/a>(wichtig: danach gut durchsp\u00fclen, damit sich nirgendwo Schimmel bildet!) in den Sorten Grapefruit und Zitrone probiert, uns beiden schmeckt Grapefruit besser. Den Innodrink Kakao m\u00f6gen wir nicht, aber wir trinken ja auch sonst weder Kakao noch hei\u00dfe Schokolade.<\/p>\n<p>Also, wer unterwegs satt werden will, hat mit Innobars und Innodrinks eine gute M\u00f6glichkeit, Energie zu tanken. Vielleicht als Erg\u00e4nzung oder Ersatz f\u00fcr Butterbrote, Bananen (die matschen auch so sch\u00f6n im Rucksack), Schokoriegel &amp; Co.<\/p>\n<p>Nun habe ich auch noch Innoballs entdeckt, das sind Schokob\u00e4llchen mit Isomaltose, vielleicht im Dezember ein Ersatz f\u00fcr Schokomandeln und Baumkuchen? Ich werde berichten.<\/p>\n<p>F\u00fcr euch habe ich neben der Verlosung auch noch einen <strong>15 % Probierrabatt<\/strong> f\u00fcr den online-Shop, g\u00fcltig bis 31.12.2017. Kurze Nachricht gen\u00fcgt und ich schicke ihn euch zu.<\/p>\n<hr \/>\n<p>Im online-Shop kosten der\u00a0Innobars 1,79 \u20ac, die Minimixt\u00fcte (250 g) 8,99, die Innodrinks 150 g (f\u00fcr 2 l) 3,07 \u20ac, 500 g 9,33 \u20ac.<\/p>\n<hr \/>\n<p>Ich habe einige Innobars gekauft, die Getr\u00e4nkegrundstoffe und weitere Innobars zum Testen erhalten.<\/p>\n<hr \/>\n<p>Stand: November 2016<\/p>\n","protected":false},"excerpt":{"rendered":"<p>&nbsp; Eine meiner besten Entdeckungen auf der letzten TourNatur\u00a0waren die Knusperriegel\u00a0von Innosnack. Aurelia und ich bedienten\u00a0uns schon mehrfach an dem Probiertablett, bekamen einen&#8230;<\/p>\n","protected":false},"author":1,"featured_media":1734,"parent":498,"menu_order":0,"comment_status":"closed","ping_status":"closed","template":"","meta":{"jetpack_post_was_ever_published":false,"footnotes":""},"class_list":["post-1639","page","type-page","status-publish","has-post-thumbnail","hentry"],"jetpack_sharing_enabled":true,"jetpack-related-posts":[],"jetpack_likes_enabled":true,"_links":{"self":[{"href":"https:\/\/fernwehkinder.de\/index.php?rest_route=\/wp\/v2\/pages\/1639","targetHints":{"allow":["GET"]}}],"collection":[{"href":"https:\/\/fernwehkinder.de\/index.php?rest_route=\/wp\/v2\/pages"}],"about":[{"href":"https:\/\/fernwehkinder.de\/index.php?rest_route=\/wp\/v2\/types\/page"}],"author":[{"embeddable":true,"href":"https:\/\/fernwehkinder.de\/index.php?rest_route=\/wp\/v2\/users\/1"}],"replies":[{"embeddable":true,"href":"https:\/\/fernwehkinder.de\/index.php?rest_route=%2Fwp%2Fv2%2Fcomments&post=1639"}],"version-history":[{"count":0,"href":"https:\/\/fernwehkinder.de\/index.php?rest_route=\/wp\/v2\/pages\/1639\/revisions"}],"up":[{"embeddable":true,"href":"https:\/\/fernwehkinder.de\/index.php?rest_route=\/wp\/v2\/pages\/498"}],"wp:featuredmedia":[{"embeddable":true,"href":"https:\/\/fernwehkinder.de\/index.php?rest_route=\/wp\/v2\/media\/1734"}],"wp:attachment":[{"href":"https:\/\/fernwehkinder.de\/index.php?rest_route=%2Fwp%2Fv2%2Fmedia&parent=1639"}],"curies":[{"name":"wp","href":"https:\/\/api.w.org\/{rel}","templated":true}]}}