{"id":1664,"date":"2016-11-18T14:28:09","date_gmt":"2016-11-18T13:28:09","guid":{"rendered":"http:\/\/fernwehkinder.de\/?page_id=1664"},"modified":"2018-01-30T17:06:15","modified_gmt":"2018-01-30T16:06:15","slug":"happy-healthy-parent-safe-n-sound-backpack","status":"publish","type":"page","link":"https:\/\/fernwehkinder.de\/?page_id=1664","title":{"rendered":"Happy Healthy Parent Safe n Sound Backpack"},"content":{"rendered":"<p>Happy Healthy Parents ist ein kleiner Familienbetrieb, den der vierfache Vater Sam gr\u00fcndete, um L\u00fccken zu schlie\u00dfen, wo andere Hersteller nicht einmal L\u00fccken sahen. Ich fand zu dieser Firma, als ich bei mir genau eine solche L\u00fccke auftat:<\/p>\n<figure id=\"attachment_1671\" aria-describedby=\"caption-attachment-1671\" style=\"width: 300px\" class=\"wp-caption alignleft\"><img loading=\"lazy\" decoding=\"async\" class=\"size-medium wp-image-1671\" src=\"http:\/\/fernwehkinder.de\/wp-content\/uploads\/2016\/11\/PB014062-300x225.jpg\" alt=\"OLYMPUS DIGITAL CAMERA\" width=\"300\" height=\"225\" srcset=\"https:\/\/fernwehkinder.de\/wp-content\/uploads\/2016\/11\/PB014062-300x225.jpg 300w, https:\/\/fernwehkinder.de\/wp-content\/uploads\/2016\/11\/PB014062-768x576.jpg 768w, https:\/\/fernwehkinder.de\/wp-content\/uploads\/2016\/11\/PB014062-1024x768.jpg 1024w\" sizes=\"auto, (max-width: 300px) 100vw, 300px\" \/><figcaption id=\"caption-attachment-1671\" class=\"wp-caption-text\">Im K\u00f6lner Zoo<\/figcaption><\/figure>\n<p>Stellt euch vor, ihr seid mit Zwillingen, die grade laufen gelernt haben, einer vierj\u00e4hrigen &#8222;gro\u00dfen&#8220; Schwester, der Oma und einem riesigen Berg Gep\u00e4ck unterwegs zu einer Flugreise. Ihr wisst noch nicht, wie fr\u00fch ihr den Zwillingsbuggy als Gep\u00e4ck abgeben m\u00fcsst und wie weite Wege ihr in den Flugh\u00e4fen zur\u00fccklegen m\u00fcsst, wie viele Stra\u00dfen und Rollfelder ihr \u00fcberqueren m\u00fcsst und in welchen Menschenmassen ihr Sorge haben m\u00fcsst, die Kinder aus den Augen zu verlieren. Mir jedenfalls standen vorher schon alle Haare senkrecht zu Berge. Bei einer Hunderunde schlug mir eine andere Gassig\u00e4ngerin vor &#8222;Nimm die beiden Kleinen an die Leine!&#8220;. \u00a0Wir lachten zwar beide dar\u00fcber, aber der Gedanke setzte sich bei mir fest.<\/p>\n<figure id=\"attachment_1669\" aria-describedby=\"caption-attachment-1669\" style=\"width: 300px\" class=\"wp-caption alignright\"><img loading=\"lazy\" decoding=\"async\" class=\"size-medium wp-image-1669\" src=\"http:\/\/fernwehkinder.de\/wp-content\/uploads\/2016\/11\/PA294005-300x225.jpg\" alt=\"OLYMPUS DIGITAL CAMERA\" width=\"300\" height=\"225\" srcset=\"https:\/\/fernwehkinder.de\/wp-content\/uploads\/2016\/11\/PA294005-300x225.jpg 300w, https:\/\/fernwehkinder.de\/wp-content\/uploads\/2016\/11\/PA294005-768x576.jpg 768w, https:\/\/fernwehkinder.de\/wp-content\/uploads\/2016\/11\/PA294005-1024x768.jpg 1024w\" sizes=\"auto, (max-width: 300px) 100vw, 300px\" \/><figcaption id=\"caption-attachment-1669\" class=\"wp-caption-text\">Auf der Hunderunde<\/figcaption><\/figure>\n<p>Zuhause suchte ich nach Kinderleinen oder Kinderrucks\u00e4cken mit Leine, befragte andere Eltern von Zwillingen\u00a0und erfuhr, dass auch unsere Freundin Kathi (ein Drilling) mit ihren Br\u00fcdern in fr\u00fchester Kindheit an die Leine genommen wurde. Nur kurz hatte ich ein doofes Gef\u00fchl im Magen. &#8222;Ich kann die Kinder doch nicht so an die Leine nehmen wie einen Hund!&#8220;, dachte ich kurz, dann aber \u00fcberwog der Gedanke: &#8222;Doch, kann ich, wenn es ihrer Sicherheit dient!&#8220; Viele Vergleichsprodukte waren mir f\u00fcr meine Minim\u00e4use viel zu gro\u00df uns schwer. Oder sie hatten \u00fcberdreht alberne Motive, mit denen mir meine eigenen Kinder peinlich gewesen w\u00e4ren. Ich war sehr froh, als ich auf die Seite von <a href=\"http:\/\/happyhealthyparent.com\/\">Happy Healthy Parent<\/a>s stie\u00df.<\/p>\n<figure id=\"attachment_1667\" aria-describedby=\"caption-attachment-1667\" style=\"width: 300px\" class=\"wp-caption alignleft\"><img loading=\"lazy\" decoding=\"async\" class=\"size-medium wp-image-1667\" src=\"http:\/\/fernwehkinder.de\/wp-content\/uploads\/2016\/11\/PA293990-300x225.jpg\" alt=\"OLYMPUS DIGITAL CAMERA\" width=\"300\" height=\"225\" srcset=\"https:\/\/fernwehkinder.de\/wp-content\/uploads\/2016\/11\/PA293990-300x225.jpg 300w, https:\/\/fernwehkinder.de\/wp-content\/uploads\/2016\/11\/PA293990-768x576.jpg 768w, https:\/\/fernwehkinder.de\/wp-content\/uploads\/2016\/11\/PA293990-1024x768.jpg 1024w\" sizes=\"auto, (max-width: 300px) 100vw, 300px\" \/><figcaption id=\"caption-attachment-1667\" class=\"wp-caption-text\">Beim Wandern<\/figcaption><\/figure>\n<p>Also habe ich die Rucks\u00e4cke schnell bestellt und noch genau rechtzeitig vor unserem Abflug erhalten. Und siehe da: Die beiden Kleinen lieben diese Rucks\u00e4cke, schleppen sie mir st\u00e4ndig an, damit ich sie ihnen anziehe oder versuchen schon, sie selbst anzuziehen. Die Gro\u00dfe ist neidisch und hat unserer H\u00fcndin eine Leine gemopst, die sie an ihren Jako-o-Rucksack montiert hat. Alle drei haben einen Heidenspa\u00df, im Garten damit Pferd oder Hund zu spielen. Aber auch bei Hunderunden, bei Ausfl\u00fcgen\u00a0und beim Einkaufen nehme ich diese Rucks\u00e4cke gerne mit, weil wir die Stra\u00dfen sicherer \u00fcberqueren k\u00f6nnen.<\/p>\n<figure id=\"attachment_1673\" aria-describedby=\"caption-attachment-1673\" style=\"width: 300px\" class=\"wp-caption alignright\"><img loading=\"lazy\" decoding=\"async\" class=\"size-medium wp-image-1673\" src=\"http:\/\/fernwehkinder.de\/wp-content\/uploads\/2016\/11\/PB014083-300x225.jpg\" alt=\"OLYMPUS DIGITAL CAMERA\" width=\"300\" height=\"225\" srcset=\"https:\/\/fernwehkinder.de\/wp-content\/uploads\/2016\/11\/PB014083-300x225.jpg 300w, https:\/\/fernwehkinder.de\/wp-content\/uploads\/2016\/11\/PB014083-768x576.jpg 768w, https:\/\/fernwehkinder.de\/wp-content\/uploads\/2016\/11\/PB014083-1024x768.jpg 1024w\" sizes=\"auto, (max-width: 300px) 100vw, 300px\" \/><figcaption id=\"caption-attachment-1673\" class=\"wp-caption-text\">Im Streichelzoo<\/figcaption><\/figure>\n<p>Die Leine muss ich ja nicht die ganze Zeit festhalten, wenn sie kurz nicht ben\u00f6tigt wird, klemme ich sie hinter den Rucksack, wird sie an dem Tag gar nicht gebraucht, mache ich sie ab. Befestigen l\u00e4sst sie sich \u00fcbrigens oben und unten am Rucksack.<\/p>\n<figure id=\"attachment_1461\" aria-describedby=\"caption-attachment-1461\" style=\"width: 300px\" class=\"wp-caption alignleft\"><img loading=\"lazy\" decoding=\"async\" class=\"wp-image-1461 size-medium\" src=\"http:\/\/fernwehkinder.de\/wp-content\/uploads\/2016\/10\/20161005_160830-300x169.jpg\" alt=\"20161005_160830\" width=\"300\" height=\"169\" srcset=\"https:\/\/fernwehkinder.de\/wp-content\/uploads\/2016\/10\/20161005_160830-300x169.jpg 300w, https:\/\/fernwehkinder.de\/wp-content\/uploads\/2016\/10\/20161005_160830-768x432.jpg 768w, https:\/\/fernwehkinder.de\/wp-content\/uploads\/2016\/10\/20161005_160830-1024x576.jpg 1024w\" sizes=\"auto, (max-width: 300px) 100vw, 300px\" \/><figcaption id=\"caption-attachment-1461\" class=\"wp-caption-text\">Am Flughafen K\u00f6ln\/Bonn<\/figcaption><\/figure>\n<p>Zum Gl\u00fcck lie\u00dfen sie sie sich auch bereitwillig anziehen, als wir uns zum Flughafen bringen lie\u00dfen. Und trotz unserer <a href=\"http:\/\/fernwehkinder.de\/?p=1453\">Odyssee <\/a>mit Flugausfall, stundenlangem Warten, schlafloser Nacht im Flughafen, Bahnfahrt, Terminalwechsel mit Busfahrt, Einchecken, Gep\u00e4ckaufgabe, Flugzeug, Bus zum Hotel verlor ich keinen Moment die Nerven, denn wann immer die Minim\u00e4use laufen mussten, konnte ich die Leinen dieser Rucks\u00e4cke ums Handgelenk der Hand legen, an der ich Aurelia f\u00fchrte und hatte die andere Hand immer noch frei f\u00fcr den Kofferkuli, die Reiseunterlagen, das Handgep\u00e4ck oder andere Dinge.<\/p>\n<p>Die Rucks\u00e4ckchen sind aus einem weichen Stoff mit fr\u00f6hlichen, aber nicht quietschbunten Farben. Sie sind\u00a0angenehm klein, damit das Tr\u00e4gerkind nicht zu viel mit sich herum schleppt, aber gro\u00df genug f\u00fcr alles Wesentliche. Wir haben jeder Maus ihr eigenes P\u00e4ckchen Taschent\u00fccher, ein Schlabberl\u00e4tzchen, einen Quetschie-Brei und den Kuschelhund hinein gepackt. Sie strahlten \u00fcber das ganze Gesicht, als sie beim Check-In sogar eine eigen Banderole &#8222;Approved Cabin Luggage&#8220; erhielten.<\/p>\n<p>Danke, Sam, du hast uns sehr geholfen.<\/p>\n<p>Update Januar 2018: Cari zieht seit einigen Wochen diesen Rucksack ihrem eigentlichen Kindergartenrucksack vor. Begr\u00fcndung: &#8222;Ist f\u00fcr Dose und f\u00fcr Spielen&#8220;<\/p>\n<hr \/>\n<p>Die Rucks\u00e4cke kosten aktuell \u00fcber Amazon 21, 97 \u20ac.<\/p>\n<hr \/>\n<p>Der Hersteller hat mir netterweise beide Rucks\u00e4cke zum Preis von einem \u00fcberlassen.<\/p>\n<hr \/>\n<p>Stand: November\u00a02016<\/p>\n<hr \/>\n<p>Update Januar 2018: Cari zieht seit einigen Wochen diesen Rucksack ihrem eigentlichen Kindergartenrucksack vor. Begr\u00fcndung: &#8222;Ist f\u00fcr Dose und f\u00fcr Spielen&#8220; Bei den Erzieherinnen nachgefragt erfahre ich, dass die Kinder sich gegenseitig an der Leine \u00fcber den Spielplatz f\u00fchren und dabei sowohl bellen als auch wiehern.<\/p>\n","protected":false},"excerpt":{"rendered":"<p>Happy Healthy Parents ist ein kleiner Familienbetrieb, den der vierfache Vater Sam gr\u00fcndete, um L\u00fccken zu schlie\u00dfen, wo andere Hersteller nicht einmal L\u00fccken&#8230;<\/p>\n","protected":false},"author":1,"featured_media":1669,"parent":498,"menu_order":0,"comment_status":"closed","ping_status":"closed","template":"","meta":{"jetpack_post_was_ever_published":false,"footnotes":""},"class_list":["post-1664","page","type-page","status-publish","has-post-thumbnail","hentry"],"jetpack_sharing_enabled":true,"jetpack-related-posts":[],"jetpack_likes_enabled":true,"_links":{"self":[{"href":"https:\/\/fernwehkinder.de\/index.php?rest_route=\/wp\/v2\/pages\/1664","targetHints":{"allow":["GET"]}}],"collection":[{"href":"https:\/\/fernwehkinder.de\/index.php?rest_route=\/wp\/v2\/pages"}],"about":[{"href":"https:\/\/fernwehkinder.de\/index.php?rest_route=\/wp\/v2\/types\/page"}],"author":[{"embeddable":true,"href":"https:\/\/fernwehkinder.de\/index.php?rest_route=\/wp\/v2\/users\/1"}],"replies":[{"embeddable":true,"href":"https:\/\/fernwehkinder.de\/index.php?rest_route=%2Fwp%2Fv2%2Fcomments&post=1664"}],"version-history":[{"count":0,"href":"https:\/\/fernwehkinder.de\/index.php?rest_route=\/wp\/v2\/pages\/1664\/revisions"}],"up":[{"embeddable":true,"href":"https:\/\/fernwehkinder.de\/index.php?rest_route=\/wp\/v2\/pages\/498"}],"wp:featuredmedia":[{"embeddable":true,"href":"https:\/\/fernwehkinder.de\/index.php?rest_route=\/wp\/v2\/media\/1669"}],"wp:attachment":[{"href":"https:\/\/fernwehkinder.de\/index.php?rest_route=%2Fwp%2Fv2%2Fmedia&parent=1664"}],"curies":[{"name":"wp","href":"https:\/\/api.w.org\/{rel}","templated":true}]}}