{"id":3390,"date":"2017-09-12T13:11:38","date_gmt":"2017-09-12T11:11:38","guid":{"rendered":"http:\/\/fernwehkinder.de\/?page_id=3390"},"modified":"2017-09-12T13:11:38","modified_gmt":"2017-09-12T11:11:38","slug":"crocs-handle-it-gummistiefel","status":"publish","type":"page","link":"https:\/\/fernwehkinder.de\/?page_id=3390","title":{"rendered":"Crocs Handle It Gummistiefel"},"content":{"rendered":"<p><img loading=\"lazy\" decoding=\"async\" class=\"size-medium wp-image-3391 alignleft\" src=\"http:\/\/fernwehkinder.de\/wp-content\/uploads\/2017\/09\/P9125662-300x225.jpg\" alt=\"\" width=\"300\" height=\"225\" srcset=\"https:\/\/fernwehkinder.de\/wp-content\/uploads\/2017\/09\/P9125662-300x225.jpg 300w, https:\/\/fernwehkinder.de\/wp-content\/uploads\/2017\/09\/P9125662-768x576.jpg 768w, https:\/\/fernwehkinder.de\/wp-content\/uploads\/2017\/09\/P9125662.jpg 800w\" sizes=\"auto, (max-width: 300px) 100vw, 300px\" \/>Rechtzeitig zu Beginn der Regen- und Flohmarkt-Saison haben wir im Schuhschrank aufger\u00e4umt und festgestellt, dass wir jederzeit eine Crocs-Beratungsstelle er\u00f6ffnen k\u00f6nnten. Clogs, Sandalen, Winterstiefel und Gummistiefel von Crocs haben wir in allen Gr\u00f6\u00dfen.<\/p>\n<p><img loading=\"lazy\" decoding=\"async\" class=\"size-medium wp-image-3392 alignright\" src=\"http:\/\/fernwehkinder.de\/wp-content\/uploads\/2017\/09\/P9125664-225x300.jpg\" alt=\"\" width=\"225\" height=\"300\" srcset=\"https:\/\/fernwehkinder.de\/wp-content\/uploads\/2017\/09\/P9125664-225x300.jpg 225w, https:\/\/fernwehkinder.de\/wp-content\/uploads\/2017\/09\/P9125664.jpg 450w\" sizes=\"auto, (max-width: 225px) 100vw, 225px\" \/>Besonders lieben wir die Gummistiefel Handle It, weil sie schon f\u00fcr ganz kleine M\u00e4use so einfach zu handhaben (=handle it) sind, dass keine m\u00fctterliche Hilfe n\u00f6tig ist. Alle drei M\u00e4use konnten schon weit vor ihrem zweiten Geburtstag die Stiefelchen ganz allein an- und ausziehen. Das gibt Selbstvertrauen und erspart mir etwas Arbeit. Die Erzieherinnen in beiden Kinderg\u00e4rten sind \u00fcber diese Gummistiefel aber wesentlich dankbarer, weil sie ja nicht nur einem oder zwei Kindern in die Stiefel helfen m\u00fcssen und wieder heraus, sondern der ganzen Gruppe.<\/p>\n<p>Sie sind sehr leicht im Vergleich zu anderen Gummistiefeln und haben genau die richtige H\u00f6he: nicht zu flach, sodass man auch durch Pf\u00fctzen gehen kann, aber auch nicht so hoch, dass sie in der Kniekehle kneifen. Wenn sie zu dreckig sind, fahren sie eine Runde im Kaltwaschgang der Sp\u00fcl- oder Waschmaschine mit und sehen aus wie neu.<\/p>\n<p>Es gibt ganz schlicht einfarbige Handle It Stiefel, aber\u00a0auch saisonal wechselnde Motive: lustige Legosteine, sch\u00f6ne Strandmotive und (leider) auch die bei Kindergartenm\u00e4dchen so beliebte Hello Kitty! Aber egal, Hauptsache, die Stiefel sitzen gut, lassen sich leicht an und ausziehen &#8211; und das Kind f\u00fchlt sich darin wohl.<\/p>\n<hr \/>\n<p>Die Stiefel kosten im online-Shop von <a href=\"http:\/\/www.crocs.de\">Crocs <\/a>etwa 30 \u20ac ohne Motiv und 35 \u20ac mit Motiv.<\/p>\n<hr \/>\n<p>Wir haben einige Stiefel zum regul\u00e4ren Preis, einige bei Rabattaktionen (bis zu 60 %) und einige Second Hand gekauft.<\/p>\n<hr \/>\n<p>Stand: September 2017<\/p>\n","protected":false},"excerpt":{"rendered":"<p>Rechtzeitig zu Beginn der Regen- und Flohmarkt-Saison haben wir im Schuhschrank aufger\u00e4umt und festgestellt, dass wir jederzeit eine Crocs-Beratungsstelle er\u00f6ffnen k\u00f6nnten. Clogs, Sandalen,&#8230;<\/p>\n","protected":false},"author":1,"featured_media":3391,"parent":498,"menu_order":0,"comment_status":"closed","ping_status":"closed","template":"","meta":{"jetpack_post_was_ever_published":false,"footnotes":""},"class_list":["post-3390","page","type-page","status-publish","has-post-thumbnail","hentry"],"jetpack_sharing_enabled":true,"jetpack-related-posts":[],"jetpack_likes_enabled":true,"_links":{"self":[{"href":"https:\/\/fernwehkinder.de\/index.php?rest_route=\/wp\/v2\/pages\/3390","targetHints":{"allow":["GET"]}}],"collection":[{"href":"https:\/\/fernwehkinder.de\/index.php?rest_route=\/wp\/v2\/pages"}],"about":[{"href":"https:\/\/fernwehkinder.de\/index.php?rest_route=\/wp\/v2\/types\/page"}],"author":[{"embeddable":true,"href":"https:\/\/fernwehkinder.de\/index.php?rest_route=\/wp\/v2\/users\/1"}],"replies":[{"embeddable":true,"href":"https:\/\/fernwehkinder.de\/index.php?rest_route=%2Fwp%2Fv2%2Fcomments&post=3390"}],"version-history":[{"count":0,"href":"https:\/\/fernwehkinder.de\/index.php?rest_route=\/wp\/v2\/pages\/3390\/revisions"}],"up":[{"embeddable":true,"href":"https:\/\/fernwehkinder.de\/index.php?rest_route=\/wp\/v2\/pages\/498"}],"wp:featuredmedia":[{"embeddable":true,"href":"https:\/\/fernwehkinder.de\/index.php?rest_route=\/wp\/v2\/media\/3391"}],"wp:attachment":[{"href":"https:\/\/fernwehkinder.de\/index.php?rest_route=%2Fwp%2Fv2%2Fmedia&parent=3390"}],"curies":[{"name":"wp","href":"https:\/\/api.w.org\/{rel}","templated":true}]}}