{"id":3953,"date":"2017-11-21T13:14:57","date_gmt":"2017-11-21T12:14:57","guid":{"rendered":"http:\/\/fernwehkinder.de\/?page_id=3953"},"modified":"2017-11-21T18:29:20","modified_gmt":"2017-11-21T17:29:20","slug":"lmc-breezer-lift-h-737-g","status":"publish","type":"page","link":"https:\/\/fernwehkinder.de\/?page_id=3953","title":{"rendered":"LMC Breezer Lift H 737 G"},"content":{"rendered":"<figure id=\"attachment_3955\" aria-describedby=\"caption-attachment-3955\" style=\"width: 300px\" class=\"wp-caption alignleft\"><img loading=\"lazy\" decoding=\"async\" class=\"wp-image-3955 size-medium\" src=\"http:\/\/fernwehkinder.de\/wp-content\/uploads\/2017\/11\/PB170159-300x225.jpg\" alt=\"\" width=\"300\" height=\"225\" srcset=\"https:\/\/fernwehkinder.de\/wp-content\/uploads\/2017\/11\/PB170159-300x225.jpg 300w, https:\/\/fernwehkinder.de\/wp-content\/uploads\/2017\/11\/PB170159-768x576.jpg 768w, https:\/\/fernwehkinder.de\/wp-content\/uploads\/2017\/11\/PB170159.jpg 800w\" sizes=\"auto, (max-width: 300px) 100vw, 300px\" \/><figcaption id=\"caption-attachment-3955\" class=\"wp-caption-text\">Alpengl\u00fchen im Aostatal<\/figcaption><\/figure>\n<p>Im November\/Dezember 2015 war der\u00a0LMC Breezer Lift H 737 G unser Zuhause, als wir f\u00fcr die zweite Auflage der Via Francigena unterwegs waren. Ich hatte damals auf <a href=\"https:\/\/www.freeontour.com\/logbooks\/685\">Freeontour <\/a>\u00a0in einem Logbuch \u00fcber meine Erfahrungen geschrieben. Dies war seinerzeit mein Res\u00fcmee am Tag vor der R\u00fcckgabe:<\/p>\n<p>Der\u00a0LMC Breezer Lift H 737 G hat uns die Recherche erheblich erleichtert und versch\u00f6nert. Danke, liebes LMC-Team!<\/p>\n<p>Haben Sie Interesse an der R\u00fcckmeldung einer ziemlich unerfahrenen Wohnmobilnutzerin zu diesem Fahrzeug? Das ist mir unterwegs aufgefallen:<\/p>\n<ol>\n<li>\u00a0Fiat Fahrzeug\n<ol>\n<li>\u00a0Viel Stauraum. In jeder T\u00fcr haben vier Thermosflaschen oder gro\u00dfe PET-Flaschen Platz. Au\u00dferdem gibt es weitere Ablagen und F\u00e4cher.<\/li>\n<li>\u00a0Raucher freuen sich bestimmt auch \u00fcber den abnehmbaren Aschenbecher. Wir haben dessen Platz f\u00fcr eine Babyflasche genutzt.<\/li>\n<li>\u00a0Das Fahrzeug f\u00e4hrt sich wie ein PKW und hat handliche Rangierma\u00dfe<\/li>\n<li>\u00a0Zusammen mit der R\u00fcckfahrtkamera bilden die gro\u00dfen Au\u00dfenspiegel die besten technischen Voraussetzungen f\u00fcr problemloses Einparken.<\/li>\n<li>\u00a0Die schwarze Front ist sehr h\u00fcbsch und unterscheidet sich angenehm von dem Einheitswei\u00df aller anderen Wohnmobile.<\/li>\n<li>\u00a0Praktisch ist das Klemmbrett, das sicherlich f\u00fcr Reiseunterlagen gedacht ist. Wir haben es f\u00fcr die Tickets genutzt, die wir bei Autobahnfahrten in Italien von einer Mautstation zur n\u00e4chsten verwahren mussten.<\/li>\n<li>\u00a0Der ausschaltbare Beifahrerairbag hat uns ein sehr entspanntes Reisen erm\u00f6glicht. Nele konnte so auf dem Beifahrersitz mitfahren, sodass ich hinten bei Cari sitzen konnte und sie trotzdem im Blick hatte.<\/li>\n<li>\u00a0Alle Gurte sind lang genug f\u00fcr Babyschalen. Das ist keine Selbstverst\u00e4ndlichkeit, wir treffen \u00f6fters auf Fahrzeuge, in denen der Gurt zu kurz f\u00fcr Babyschalen ist.<\/li>\n<li>\u00a0Wir haben nicht herausfinden k\u00f6nnen, ob und wie man die Karte im Navi einnorden kann. Ich w\u00fcsste gerne, in welche Himmelsrichtung ich unterwegs bin. Wenn sich die Karte st\u00e4ndig dreht, macht mich das ganz wuschig, besonders im Gebirge auf Passtra\u00dfen. Die Windrose bekommt man zwar angezeigt, aber nur in der einfachen Karteneinstellung, nicht bei Navigation zu einem konkreten Ziel.<\/li>\n<li>\u00a0Das Navigationsger\u00e4t ist mit der Aufbau-Batterie verbunden, m\u00fcsste aber von meiner Logik her an der Starter-Batterie h\u00e4ngen, sodass man \u2013 auch wenn die Aufbau-Batterie leer ist, beim Rangieren noch die R\u00fcckfahrkamera nutzen kann.<\/li>\n<li>\u00a0F\u00fcr unsere Familie w\u00e4re ein f\u00fcnfter Sitz mit Gurt prima, denn ansonsten hat das WoMo ja reichlich Platz. Lie\u00dfe sich das auf Kundenwunsch durch Drehung des Sitzes direkt hinter dem Beifahrersitz l\u00f6sen? Oder gibt es au\u00dfer uns keine f\u00fcnfk\u00f6pfigen Familien, die ein Wohnmobil mit diesen Au\u00dfenma\u00dfen favorisiert?<\/li>\n<\/ol>\n<\/li>\n<li>\n<figure id=\"attachment_3968\" aria-describedby=\"caption-attachment-3968\" style=\"width: 169px\" class=\"wp-caption alignright\"><img loading=\"lazy\" decoding=\"async\" class=\"wp-image-3968 size-medium\" src=\"http:\/\/fernwehkinder.de\/wp-content\/uploads\/2017\/11\/20151116_113301-169x300.jpg\" alt=\"\" width=\"169\" height=\"300\" srcset=\"https:\/\/fernwehkinder.de\/wp-content\/uploads\/2017\/11\/20151116_113301-169x300.jpg 169w, https:\/\/fernwehkinder.de\/wp-content\/uploads\/2017\/11\/20151116_113301-768x1365.jpg 768w, https:\/\/fernwehkinder.de\/wp-content\/uploads\/2017\/11\/20151116_113301-576x1024.jpg 576w, https:\/\/fernwehkinder.de\/wp-content\/uploads\/2017\/11\/20151116_113301.jpg 800w\" sizes=\"auto, (max-width: 169px) 100vw, 169px\" \/><figcaption id=\"caption-attachment-3968\" class=\"wp-caption-text\">Unser Fuhrpark<\/figcaption><\/figure>\n<p>Aufbau au\u00dfen<\/p>\n<ol>\n<li>\u00a0Viel Stauraum \u2013 wenn man ihn nicht komplett mit Fahrr\u00e4dern blockiert&#8230;<\/li>\n<li>\u00a0Uns fehlte n\u00e4mlich eindeutig ein Fahrradtr\u00e4ger. Das immer wieder n\u00f6tige Ein- und Ausladen, Zusammen- und Auseinanderbauen von Fahrr\u00e4dern und Anh\u00e4nger war zeitraubend und nervig.<\/li>\n<li>\u00a0Die stabilen &#8211; und doch beweglichen &#8211; Zurr\u00f6sen im Gep\u00e4ckabteil erleichtern die Sicherung der Ladung ungemein<\/li>\n<li>\u00a0Wir haben in Wohnmobilen anderer Fabrikate unterwegs gesehen, dass die Gasflaschen von au\u00dfen zug\u00e4nglich sind. Das hat in meinen Augen den Vorteil, dass man sich den Zugriff auf die Gasflaschen, an deren Verschluss man ja mindestens zweimal t\u00e4glich drehen muss, nicht durch zu viel Gep\u00e4ck blockiert. Bestimmt hat es auch Nachteile, die Sie gut abgewogen haben, es fiel uns nur auf.<\/li>\n<li>\u00a0Das Au\u00dfenlicht \u00fcber der Aufbaut\u00fcr ist sehr praktisch auf dunklen Stellpl\u00e4tzen.<\/li>\n<\/ol>\n<\/li>\n<li>\u00a0Technik Aufbau\n<ol>\n<li>\u00a0Die TV-Sat-DVD-Kombination ist prima und bringt sehr gute Bildqualit\u00e4t.<\/li>\n<li>\u00a0Der Au\u00dfentemperaturf\u00fchler des Aufbaus zeigt nach der Fahrt falsche Werte an, sie liegen immer deutlich h\u00f6her als die des FIAT-F\u00fchlers und als die reale Temperatur. Nach l\u00e4ngerer Standzeit stimmen die angezeigten Temperaturen. Wurde f\u00fcr den F\u00fchler vielleicht ein ungl\u00fccklicher Messpunkt gew\u00e4hlt? (Ein Beispiel hier: Innen 22,2\u00b0C &#8211; au\u00dfen vielleicht 22,8\u00b0C oder aber 9,0\u00b0C)<br \/>\n<img loading=\"lazy\" decoding=\"async\" class=\"alignnone size-medium wp-image-3961\" src=\"http:\/\/fernwehkinder.de\/wp-content\/uploads\/2017\/11\/20151129_175409-300x169.jpg\" alt=\"\" width=\"300\" height=\"169\" srcset=\"https:\/\/fernwehkinder.de\/wp-content\/uploads\/2017\/11\/20151129_175409-300x169.jpg 300w, https:\/\/fernwehkinder.de\/wp-content\/uploads\/2017\/11\/20151129_175409-768x432.jpg 768w, https:\/\/fernwehkinder.de\/wp-content\/uploads\/2017\/11\/20151129_175409.jpg 800w\" sizes=\"auto, (max-width: 300px) 100vw, 300px\" \/> <img loading=\"lazy\" decoding=\"async\" class=\"alignnone size-medium wp-image-3960\" src=\"http:\/\/fernwehkinder.de\/wp-content\/uploads\/2017\/11\/20151129_175415-300x169.jpg\" alt=\"\" width=\"300\" height=\"169\" srcset=\"https:\/\/fernwehkinder.de\/wp-content\/uploads\/2017\/11\/20151129_175415-300x169.jpg 300w, https:\/\/fernwehkinder.de\/wp-content\/uploads\/2017\/11\/20151129_175415-768x432.jpg 768w, https:\/\/fernwehkinder.de\/wp-content\/uploads\/2017\/11\/20151129_175415.jpg 800w\" sizes=\"auto, (max-width: 300px) 100vw, 300px\" \/> <img loading=\"lazy\" decoding=\"async\" class=\"alignnone size-medium wp-image-3959\" src=\"http:\/\/fernwehkinder.de\/wp-content\/uploads\/2017\/11\/20151129_175629-300x169.jpg\" alt=\"\" width=\"300\" height=\"169\" srcset=\"https:\/\/fernwehkinder.de\/wp-content\/uploads\/2017\/11\/20151129_175629-300x169.jpg 300w, https:\/\/fernwehkinder.de\/wp-content\/uploads\/2017\/11\/20151129_175629-768x432.jpg 768w, https:\/\/fernwehkinder.de\/wp-content\/uploads\/2017\/11\/20151129_175629.jpg 800w\" sizes=\"auto, (max-width: 300px) 100vw, 300px\" \/><\/li>\n<li>Viel Licht, zweckm\u00e4\u00dfig verteilt. Eigentlich gibt es gar nichts zu meckern, wenn ich aber einen Wunsch frei h\u00e4tte, g\u00e4be es noch eine Art Leselampe f\u00fcr die Mitfahrer von besonders empfindlichen Fahrern, denen das Hauptlicht bei Nachtfahrten zu hell ist.<\/li>\n<li>\u00a0Die Heizung war selbst bei Minusgraden in der Nacht stark genug. Das WC verwandelt sich quasi zur Sauna, wenn bei geschlossener T\u00fcr auf 20 Grad geheizt wird.<\/li>\n<li>\u00a0Nachdem ich endlich verstanden hatte, wie sie sich einstellen l\u00e4sst, war sie perfekt-<\/li>\n<li>\u00a0Wenn ich mir ein Wohnmobil kaufen w\u00fcrde, h\u00e4tte es eine Heizung, die sowohl mit Gas, als auch mit Strom l\u00e4uft. Strom bekomme ich ja an vielen Camping- und Stellpl\u00e4tzen zu einem Pauschalpreis und m\u00fcsste so f\u00fcr die jeweilige Heiznacht nicht extra zahlen.<\/li>\n<li>\u00a0Es ist sehr durchdacht, Starter- und Aufbau-Batterie voneinander zu trennen. Wir waren an einem Tag nach nur kurzer Fahrt fr\u00fch am Ziel, hatten dort keinen Stromanschluss und Armin sa\u00df bis abends sp\u00e4t vor dem TV. Morgens ging dann ohne (f\u00fcr uns erkennbare) Vorwarnung der Strom weg. So durchdacht es ist, die beiden Batterien zu trennen, so nett w\u00e4re es, ein paar Minuten vorher mit einem akustischen Signal zu warnen.<\/li>\n<li>\u00a0Zwischenzeitlich habe ich \u00fcber einen Spannungswandler nachgedacht, um die Akkus f\u00fcr mein GPS und Armins Handy-Dinosaurier zu laden. Wir haben uns dann mit gekauften Batterien und l\u00e4ngeren Restaurantbesuchen in der N\u00e4he einer Steckdose beholfen.<\/li>\n<\/ol>\n<\/li>\n<li>\u00a0Wohnen\n<ol>\n<li>\u00a0Viel Stauraum, vor allem unter den Sitzen.<\/li>\n<li>\u00a0<img loading=\"lazy\" decoding=\"async\" class=\"size-medium wp-image-3967 alignright\" src=\"http:\/\/fernwehkinder.de\/wp-content\/uploads\/2017\/11\/PB070966-300x225.jpg\" alt=\"\" width=\"300\" height=\"225\" srcset=\"https:\/\/fernwehkinder.de\/wp-content\/uploads\/2017\/11\/PB070966-300x225.jpg 300w, https:\/\/fernwehkinder.de\/wp-content\/uploads\/2017\/11\/PB070966-768x575.jpg 768w, https:\/\/fernwehkinder.de\/wp-content\/uploads\/2017\/11\/PB070966.jpg 800w\" sizes=\"auto, (max-width: 300px) 100vw, 300px\" \/>Die drehbaren Vordersitze sind so praktisch, wenn man essen oder fernsehen will. Das ist zwar keine spezifische Besonderheit des LMC Breezer Lift H 737 G, aber trotzdem einfach klasse! (Und von meinen zwei vorherigen Begegnungen mit Wohnmobilen kannte ich solch einen Luxus noch nicht)<\/li>\n<li>\u00a0W\u00e4hrend der Fahrt sa\u00dfen Cari und ich hinten auf der Bank. Wir beide h\u00e4tten gerne einen besseren Blick aus den Fenstern gehabt, aber leider lassen sich die h\u00fcbschen Vorh\u00e4nge nicht auf der kompletten Breite der Fenster zur Seite schieben. W\u00e4re es ein eigenes Fahrzeug, h\u00e4tte ich sie mit Flausch und Klett versehen, sodass ich sie w\u00e4hrend der Fahrt hoch rollen k\u00f6nnte.<\/li>\n<li>\u00a0Die Spaltma\u00dfe sind zu gro\u00df f\u00fcr ungeschickte Menschen wie uns: einer unserer Akkus f\u00fcr das GPS verschwand auf Nimmerwiedersehen in einem Ritz unter dem Beifahrersitz, nachdem er vom Tisch gerollt war.<\/li>\n<li>\u00a0Der Tisch kann \u00fcbrigens nicht richtig festgestellt werden. Aber das scheint ein Defekt zu sein und nicht der Regelfall, wie uns bei der \u00dcbergabe erkl\u00e4rt wurde.<\/li>\n<li>\u00a0Clever gel\u00f6st ist die Frage, ob der linke Mitfahrer Beinfreiheit braucht oder man eine Eckbank haben will. Einfach das Holzbrett drehen!<\/li>\n<li>\u00a0Der M\u00fclleimer macht mir nicht den robustesten Eindruck. W\u00fcrde ich dieses Wohnmobil kaufen, k\u00f6nnte ich sicher sein, dass dies eines der ersten Teile w\u00e4re, die ich nachbestellen m\u00fcsste.<\/li>\n<li>\u00a0Die Kleiderhaken k\u00f6nnten etwas tiefer im Raum montiert sein. Bei jedem Schlie\u00dfen der T\u00fcr haben wir die vordere Jacke eingeklemmt.<\/li>\n<\/ol>\n<\/li>\n<li>\u00a0Kochen\n<ol>\n<li>\u00a0Viel Stauraum. Obwohl zwei Schubladen mit Babyfutter belegt waren, hatten wir noch reichlich Platz f\u00fcr Geschirr und eigene Vorr\u00e4te.<\/li>\n<li>\u00a0Drei Flammen am Gasherd! Super! Das bescherte uns manch ein leckeres Abendessen, w\u00e4hrend wir gleichzeitig f\u00fcr die Babys Fl\u00e4schchenwasser abkochen konnten.<\/li>\n<li>\u00a0Der K\u00fchlschrank ist riesig und l\u00e4dt richtiggehend zum Selberkochen ein.<\/li>\n<li>\u00a0Irgendwie verstehe ich nicht, warum der K\u00fchlschrank nur mit Gas l\u00e4uft, aber ein Eisfach hat. Alles Gefrorene w\u00fcrde doch schmelzen, wenn man mit dem WoMo f\u00e4hrt und daf\u00fcr das Gas abdreht.<\/li>\n<li>\u00a0Die Sp\u00fcle ist gro\u00df genug f\u00fcr das t\u00e4gliche Sp\u00fclen und das Wasser l\u00e4uft sogar ab, wenn man nicht ganz genau in der Waage steht.<\/li>\n<li>\u00a0Mit leerer Aufbau-Batterie kann man nicht einmal den Piezo-Z\u00fcnder am Herd bedienen. Gut zu wissen, beim n\u00e4chsten mal nehmen wir Streichh\u00f6lzer mit.<\/li>\n<\/ol>\n<\/li>\n<li>\u00a0K\u00f6rperpflege\n<ol>\n<li>\u00a0Im WC-Raum ist herrlich viel Platz f\u00fcr alle Badezimmerutensilien. Falls man das Fahrzeug aber zu viert nutzt, gibt es bestimmt Streit um die zwei Handtuchhaken.<\/li>\n<li>\u00a0Die Duscht\u00fcr mit einem Druckknopf zu befestigen ist eine geniale Idee.<\/li>\n<li>\u00a0Wir haben Toilette, Waschbecken und Dusche nicht benutzt, waren aber sehr froh, dass wir sie h\u00e4tten benutzen k\u00f6nnen, wenn wir weder Sanit\u00e4ranlagen auf dem Stellplatz noch B\u00fcsche beim wilden Campen gefunden h\u00e4tten.<\/li>\n<li>\u00a0Besonders pfiffig finde ich die WC-T\u00fcr, die zur Schlafzimmert\u00fcr wird, wenn sie ganz ge\u00f6ffnet wird und auf diese Weise in den zweiten T\u00fcrrahmen passt.<\/li>\n<\/ol>\n<\/li>\n<li>\u00a0Schlafen\n<ol>\n<li>\u00a0Viel Stauraum, sogar Geheimf\u00e4cher!<\/li>\n<li>\u00a0Die hinteren Betten haben grade noch die richtige H\u00f6he, um auch im Halbschlaf hinauf und hinab klettern zu k\u00f6nnen.<\/li>\n<li>\u00a0Die H\u00f6he war f\u00fcr uns daher auch ideal zum Wickeln der Zwillinge.<\/li>\n<li>\u00a0Armin hatte manchmal morgens R\u00fcckenschmerzen, ich fand das Bett sehr bequem. Nicht jedes WoMo Bett hat unter den Matratzen auch Lattenroste.<\/li>\n<li>\u00a0Ideal f\u00fcr uns war die M\u00f6glichkeit, mit den Zwischenst\u00fccken aus den zwei Einzelbetten eine gro\u00dfe Liegefl\u00e4che f\u00fcr die ganze Familie zu machen. Wir Gro\u00dfen schiefen au\u00dfen, die Babys in der Mitte. Bei unserer Probetour schliefen wir sogar zu f\u00fcnft dort, ohne uns nachts gegenseitig zu wecken.<\/li>\n<li>\u00a0Was ich mich aber gefragt habe: warum ist das Zwischenteil k\u00fcrzer als die beiden eigentlichen Betten?<\/li>\n<li>\u00a0Dass es keine feste durchg\u00e4ngige Liegefl\u00e4che war, hatte f\u00fcr mich den Vorteil, dass ich den wasserfesten Matratzenschoner (zum Schutz gegen n\u00e4chtliche B\u00e4uerchen) und das eigentliche Laken ganz unkompliziert ohne Kletteraktionen aufziehen konnte<\/li>\n<li>\u00a0Das Hubbett gef\u00e4llt mir von der Idee auch sehr gut, besser als ein Alkoven, wir haben es allerdings nicht genutzt.<\/li>\n<\/ol>\n<\/li>\n<\/ol>\n<p>Und hier noch einige Au\u00dfenfotos von unterwegs:<\/p>\n<figure id=\"attachment_3969\" aria-describedby=\"caption-attachment-3969\" style=\"width: 300px\" class=\"wp-caption alignleft\"><img loading=\"lazy\" decoding=\"async\" class=\"wp-image-3969 size-medium\" src=\"http:\/\/fernwehkinder.de\/wp-content\/uploads\/2017\/11\/20151116_090758-300x169.jpg\" alt=\"\" width=\"300\" height=\"169\" srcset=\"https:\/\/fernwehkinder.de\/wp-content\/uploads\/2017\/11\/20151116_090758-300x169.jpg 300w, https:\/\/fernwehkinder.de\/wp-content\/uploads\/2017\/11\/20151116_090758-768x432.jpg 768w, https:\/\/fernwehkinder.de\/wp-content\/uploads\/2017\/11\/20151116_090758.jpg 800w\" sizes=\"auto, (max-width: 300px) 100vw, 300px\" \/><figcaption id=\"caption-attachment-3969\" class=\"wp-caption-text\">Im Aostatal<\/figcaption><\/figure>\n<figure id=\"attachment_3956\" aria-describedby=\"caption-attachment-3956\" style=\"width: 300px\" class=\"wp-caption alignleft\"><img loading=\"lazy\" decoding=\"async\" class=\"wp-image-3956 size-medium\" src=\"http:\/\/fernwehkinder.de\/wp-content\/uploads\/2017\/11\/20151123_105005-300x169.jpg\" alt=\"\" width=\"300\" height=\"169\" srcset=\"https:\/\/fernwehkinder.de\/wp-content\/uploads\/2017\/11\/20151123_105005-300x169.jpg 300w, https:\/\/fernwehkinder.de\/wp-content\/uploads\/2017\/11\/20151123_105005-768x432.jpg 768w, https:\/\/fernwehkinder.de\/wp-content\/uploads\/2017\/11\/20151123_105005.jpg 800w\" sizes=\"auto, (max-width: 300px) 100vw, 300px\" \/><figcaption id=\"caption-attachment-3956\" class=\"wp-caption-text\">In der Po-Ebene<\/figcaption><\/figure>\n<figure id=\"attachment_3957\" aria-describedby=\"caption-attachment-3957\" style=\"width: 300px\" class=\"wp-caption alignleft\"><img loading=\"lazy\" decoding=\"async\" class=\"wp-image-3957 size-medium\" src=\"http:\/\/fernwehkinder.de\/wp-content\/uploads\/2017\/11\/20151124_104900-300x169.jpg\" alt=\"\" width=\"300\" height=\"169\" srcset=\"https:\/\/fernwehkinder.de\/wp-content\/uploads\/2017\/11\/20151124_104900-300x169.jpg 300w, https:\/\/fernwehkinder.de\/wp-content\/uploads\/2017\/11\/20151124_104900-768x432.jpg 768w, https:\/\/fernwehkinder.de\/wp-content\/uploads\/2017\/11\/20151124_104900.jpg 800w\" sizes=\"auto, (max-width: 300px) 100vw, 300px\" \/><figcaption id=\"caption-attachment-3957\" class=\"wp-caption-text\">Lustige Fahrzeugbegegnung<\/figcaption><\/figure>\n<figure id=\"attachment_3958\" aria-describedby=\"caption-attachment-3958\" style=\"width: 300px\" class=\"wp-caption alignleft\"><img loading=\"lazy\" decoding=\"async\" class=\"wp-image-3958 size-medium\" src=\"http:\/\/fernwehkinder.de\/wp-content\/uploads\/2017\/11\/20151126_154128-300x169.jpg\" alt=\"\" width=\"300\" height=\"169\" srcset=\"https:\/\/fernwehkinder.de\/wp-content\/uploads\/2017\/11\/20151126_154128-300x169.jpg 300w, https:\/\/fernwehkinder.de\/wp-content\/uploads\/2017\/11\/20151126_154128-768x432.jpg 768w, https:\/\/fernwehkinder.de\/wp-content\/uploads\/2017\/11\/20151126_154128.jpg 800w\" sizes=\"auto, (max-width: 300px) 100vw, 300px\" \/><figcaption id=\"caption-attachment-3958\" class=\"wp-caption-text\">Im Apennin<\/figcaption><\/figure>\n<figure id=\"attachment_3962\" aria-describedby=\"caption-attachment-3962\" style=\"width: 300px\" class=\"wp-caption alignleft\"><img loading=\"lazy\" decoding=\"async\" class=\"wp-image-3962 size-medium\" src=\"http:\/\/fernwehkinder.de\/wp-content\/uploads\/2017\/11\/20151201_094120-300x169.jpg\" alt=\"\" width=\"300\" height=\"169\" srcset=\"https:\/\/fernwehkinder.de\/wp-content\/uploads\/2017\/11\/20151201_094120-300x169.jpg 300w, https:\/\/fernwehkinder.de\/wp-content\/uploads\/2017\/11\/20151201_094120-768x432.jpg 768w, https:\/\/fernwehkinder.de\/wp-content\/uploads\/2017\/11\/20151201_094120.jpg 800w\" sizes=\"auto, (max-width: 300px) 100vw, 300px\" \/><figcaption id=\"caption-attachment-3962\" class=\"wp-caption-text\">In der Toskana<\/figcaption><\/figure>\n<figure id=\"attachment_3963\" aria-describedby=\"caption-attachment-3963\" style=\"width: 300px\" class=\"wp-caption alignleft\"><img loading=\"lazy\" decoding=\"async\" class=\"wp-image-3963 size-medium\" src=\"http:\/\/fernwehkinder.de\/wp-content\/uploads\/2017\/11\/PC010760-300x225.jpg\" alt=\"\" width=\"300\" height=\"225\" srcset=\"https:\/\/fernwehkinder.de\/wp-content\/uploads\/2017\/11\/PC010760-300x225.jpg 300w, https:\/\/fernwehkinder.de\/wp-content\/uploads\/2017\/11\/PC010760-768x576.jpg 768w, https:\/\/fernwehkinder.de\/wp-content\/uploads\/2017\/11\/PC010760.jpg 800w\" sizes=\"auto, (max-width: 300px) 100vw, 300px\" \/><figcaption id=\"caption-attachment-3963\" class=\"wp-caption-text\">Keine Stellplatzsorgen im Winter<\/figcaption><\/figure>\n<figure id=\"attachment_3966\" aria-describedby=\"caption-attachment-3966\" style=\"width: 300px\" class=\"wp-caption alignleft\"><img loading=\"lazy\" decoding=\"async\" class=\"wp-image-3966 size-medium\" src=\"http:\/\/fernwehkinder.de\/wp-content\/uploads\/2017\/11\/PC050909-300x225.jpg\" alt=\"\" width=\"300\" height=\"225\" srcset=\"https:\/\/fernwehkinder.de\/wp-content\/uploads\/2017\/11\/PC050909-300x225.jpg 300w, https:\/\/fernwehkinder.de\/wp-content\/uploads\/2017\/11\/PC050909-768x576.jpg 768w, https:\/\/fernwehkinder.de\/wp-content\/uploads\/2017\/11\/PC050909.jpg 800w\" sizes=\"auto, (max-width: 300px) 100vw, 300px\" \/><figcaption id=\"caption-attachment-3966\" class=\"wp-caption-text\">Stau vor dem Gotthard-Tunnel<\/figcaption><\/figure>\n<figure id=\"attachment_3965\" aria-describedby=\"caption-attachment-3965\" style=\"width: 300px\" class=\"wp-caption alignleft\"><img loading=\"lazy\" decoding=\"async\" class=\"wp-image-3965 size-medium\" src=\"http:\/\/fernwehkinder.de\/wp-content\/uploads\/2017\/11\/PC050911-300x225.jpg\" alt=\"\" width=\"300\" height=\"225\" srcset=\"https:\/\/fernwehkinder.de\/wp-content\/uploads\/2017\/11\/PC050911-300x225.jpg 300w, https:\/\/fernwehkinder.de\/wp-content\/uploads\/2017\/11\/PC050911-768x576.jpg 768w, https:\/\/fernwehkinder.de\/wp-content\/uploads\/2017\/11\/PC050911.jpg 800w\" sizes=\"auto, (max-width: 300px) 100vw, 300px\" \/><figcaption id=\"caption-attachment-3965\" class=\"wp-caption-text\">Stau vor dem Gotthard-Tunnel<\/figcaption><\/figure>\n<p>&nbsp;<\/p>\n","protected":false},"excerpt":{"rendered":"<p>Im November\/Dezember 2015 war der\u00a0LMC Breezer Lift H 737 G unser Zuhause, als wir f\u00fcr die zweite Auflage der Via Francigena unterwegs waren&#8230;.<\/p>\n","protected":false},"author":1,"featured_media":3957,"parent":498,"menu_order":0,"comment_status":"closed","ping_status":"closed","template":"","meta":{"jetpack_post_was_ever_published":false,"footnotes":""},"class_list":["post-3953","page","type-page","status-publish","has-post-thumbnail","hentry"],"jetpack_sharing_enabled":true,"jetpack-related-posts":[],"jetpack_likes_enabled":true,"_links":{"self":[{"href":"https:\/\/fernwehkinder.de\/index.php?rest_route=\/wp\/v2\/pages\/3953","targetHints":{"allow":["GET"]}}],"collection":[{"href":"https:\/\/fernwehkinder.de\/index.php?rest_route=\/wp\/v2\/pages"}],"about":[{"href":"https:\/\/fernwehkinder.de\/index.php?rest_route=\/wp\/v2\/types\/page"}],"author":[{"embeddable":true,"href":"https:\/\/fernwehkinder.de\/index.php?rest_route=\/wp\/v2\/users\/1"}],"replies":[{"embeddable":true,"href":"https:\/\/fernwehkinder.de\/index.php?rest_route=%2Fwp%2Fv2%2Fcomments&post=3953"}],"version-history":[{"count":0,"href":"https:\/\/fernwehkinder.de\/index.php?rest_route=\/wp\/v2\/pages\/3953\/revisions"}],"up":[{"embeddable":true,"href":"https:\/\/fernwehkinder.de\/index.php?rest_route=\/wp\/v2\/pages\/498"}],"wp:featuredmedia":[{"embeddable":true,"href":"https:\/\/fernwehkinder.de\/index.php?rest_route=\/wp\/v2\/media\/3957"}],"wp:attachment":[{"href":"https:\/\/fernwehkinder.de\/index.php?rest_route=%2Fwp%2Fv2%2Fmedia&parent=3953"}],"curies":[{"name":"wp","href":"https:\/\/api.w.org\/{rel}","templated":true}]}}