{"id":4480,"date":"2018-03-16T16:42:58","date_gmt":"2018-03-16T15:42:58","guid":{"rendered":"http:\/\/fernwehkinder.de\/?page_id=4480"},"modified":"2025-08-31T13:33:18","modified_gmt":"2025-08-31T11:33:18","slug":"rrr","status":"publish","type":"page","link":"https:\/\/fernwehkinder.de\/?page_id=4480","title":{"rendered":"RRR"},"content":{"rendered":"\n<p>Die <strong>RRR<\/strong> =&nbsp;<strong>Retterath&#8217;sche Reste-Rampe<\/strong> hat aktuell im Angebot:<\/p>\n\n\n\n<h3 class=\"wp-block-heading\">I. B\u00fccher aus eigener Feder<\/h3>\n\n\n\n<p>Zu diesen B\u00fcchern gibt es inzwischen eine Folgeauflage oder sie wurden vom Markt genommen oder ich habe mehr davon, als ich brauchen kann<\/p>\n\n\n\n<figure class=\"wp-block-image\"><img loading=\"lazy\" decoding=\"async\" width=\"166\" height=\"300\" src=\"http:\/\/fernwehkinder.de\/wp-content\/uploads\/2018\/03\/Djerba-166x300.jpg\" alt=\"\" class=\"wp-image-4483\" srcset=\"https:\/\/fernwehkinder.de\/wp-content\/uploads\/2018\/03\/Djerba-166x300.jpg 166w, https:\/\/fernwehkinder.de\/wp-content\/uploads\/2018\/03\/Djerba.jpg 167w\" sizes=\"auto, (max-width: 166px) 100vw, 166px\" \/><\/figure>\n\n\n\n<figure class=\"wp-block-image\"><img loading=\"lazy\" decoding=\"async\" width=\"175\" height=\"289\" src=\"http:\/\/fernwehkinder.de\/wp-content\/uploads\/2018\/03\/Rheinland.jpg\" alt=\"\" class=\"wp-image-4481\"\/><\/figure>\n\n\n\n<figure class=\"wp-block-image\"><img loading=\"lazy\" decoding=\"async\" width=\"189\" height=\"266\" src=\"http:\/\/fernwehkinder.de\/wp-content\/uploads\/2018\/03\/BLmK.jpg\" alt=\"\" class=\"wp-image-4482\"\/><\/figure>\n\n\n\n<figure class=\"wp-block-image\"><img loading=\"lazy\" decoding=\"async\" width=\"188\" height=\"269\" src=\"http:\/\/fernwehkinder.de\/wp-content\/uploads\/2018\/03\/Offa.jpg\" alt=\"\" class=\"wp-image-4485\"\/><\/figure>\n\n\n\n<figure class=\"wp-block-image\"><img loading=\"lazy\" decoding=\"async\" width=\"187\" height=\"269\" src=\"http:\/\/fernwehkinder.de\/wp-content\/uploads\/2018\/03\/Soowald.jpg\" alt=\"\" class=\"wp-image-4486\"\/><\/figure>\n\n\n\n<p><\/p>\n\n\n\n<h3 class=\"wp-block-heading\">II. Was sich so bei Recherchen ansammelt:<\/h3>\n\n\n\n<ul class=\"wp-block-list\">\n<li><\/li>\n<\/ul>\n\n\n\n<h3 class=\"wp-block-heading\">III. Was au\u00dferdem das Haus verlassen m\u00f6chte, aber zu schade\/intakt zum Wegwerfen ist<\/h3>\n\n\n\n<ul class=\"wp-block-list\">\n<li>Zelt f\u00fcr 2-3 Personen<\/li>\n\n\n\n<li>Buntstifte f\u00fcr Kindergarten und 1. Schuljahr (mehrere Dutzend)<\/li>\n\n\n\n<li><\/li>\n<\/ul>\n\n\n\n<p>Ich gebe all diese Sachen kostenlos und ohne Gegenleistung ab, weil ich mich freue, wenn sie in gute H\u00e4nde kommen.&nbsp;Bevorzugt an Selbstabholer, ich verschicke aber auch. Bei P\u00e4ckchen, Paketen und Auslandssendungen freue ich mich \u00fcber Portoerstattung)<\/p>\n\n\n\n<p>Vielleicht findest duja auch etwas in meiner Anzeigenliste bei <a href=\"https:\/\/www.kleinanzeigen.de\/s-bestandsliste.html?userId=2116496\">Kleinanzeigen<\/a>, f\u00fcr Blog-Leser nat\u00fcrlich mit niedrigeren Preisen ;o)<\/p>\n\n\n\n<p>Brauchst du Infos, die \u00fcber sich dir aus dem Foto oder Stichwort nicht erschlie\u00dfen, frag bitte einfach nach.<\/p>\n\n\n\n<p>Nachschub folgt.<\/p>\n\n\n\n<div class=\"mceTemp\"><\/div>\n","protected":false},"excerpt":{"rendered":"<p>Die RRR =&nbsp;Retterath&#8217;sche Reste-Rampe hat aktuell im Angebot: I. B\u00fccher aus eigener Feder Zu diesen B\u00fcchern gibt es inzwischen eine Folgeauflage oder sie&#8230;<\/p>\n","protected":false},"author":1,"featured_media":0,"parent":2,"menu_order":0,"comment_status":"open","ping_status":"closed","template":"","meta":{"jetpack_post_was_ever_published":false,"footnotes":""},"class_list":["post-4480","page","type-page","status-publish","hentry"],"jetpack_sharing_enabled":true,"jetpack-related-posts":[],"jetpack_likes_enabled":true,"_links":{"self":[{"href":"https:\/\/fernwehkinder.de\/index.php?rest_route=\/wp\/v2\/pages\/4480","targetHints":{"allow":["GET"]}}],"collection":[{"href":"https:\/\/fernwehkinder.de\/index.php?rest_route=\/wp\/v2\/pages"}],"about":[{"href":"https:\/\/fernwehkinder.de\/index.php?rest_route=\/wp\/v2\/types\/page"}],"author":[{"embeddable":true,"href":"https:\/\/fernwehkinder.de\/index.php?rest_route=\/wp\/v2\/users\/1"}],"replies":[{"embeddable":true,"href":"https:\/\/fernwehkinder.de\/index.php?rest_route=%2Fwp%2Fv2%2Fcomments&post=4480"}],"version-history":[{"count":4,"href":"https:\/\/fernwehkinder.de\/index.php?rest_route=\/wp\/v2\/pages\/4480\/revisions"}],"predecessor-version":[{"id":11422,"href":"https:\/\/fernwehkinder.de\/index.php?rest_route=\/wp\/v2\/pages\/4480\/revisions\/11422"}],"up":[{"embeddable":true,"href":"https:\/\/fernwehkinder.de\/index.php?rest_route=\/wp\/v2\/pages\/2"}],"wp:attachment":[{"href":"https:\/\/fernwehkinder.de\/index.php?rest_route=%2Fwp%2Fv2%2Fmedia&parent=4480"}],"curies":[{"name":"wp","href":"https:\/\/api.w.org\/{rel}","templated":true}]}}