{"id":958,"date":"2016-09-02T13:12:14","date_gmt":"2016-09-02T11:12:14","guid":{"rendered":"http:\/\/fernwehkinder.de\/?page_id=958"},"modified":"2016-11-02T21:03:39","modified_gmt":"2016-11-02T20:03:39","slug":"ortlieb-faltschuessel","status":"publish","type":"page","link":"https:\/\/fernwehkinder.de\/?page_id=958","title":{"rendered":"Ortlieb Faltsch\u00fcssel"},"content":{"rendered":"<figure id=\"attachment_961\" aria-describedby=\"caption-attachment-961\" style=\"width: 300px\" class=\"wp-caption alignleft\"><img loading=\"lazy\" decoding=\"async\" class=\"size-medium wp-image-961\" src=\"http:\/\/fernwehkinder.de\/wp-content\/uploads\/2016\/09\/P6040695-300x225.jpg\" alt=\"OLYMPUS DIGITAL CAMERA\" width=\"300\" height=\"225\" srcset=\"https:\/\/fernwehkinder.de\/wp-content\/uploads\/2016\/09\/P6040695-300x225.jpg 300w, https:\/\/fernwehkinder.de\/wp-content\/uploads\/2016\/09\/P6040695-768x576.jpg 768w, https:\/\/fernwehkinder.de\/wp-content\/uploads\/2016\/09\/P6040695-1024x768.jpg 1024w\" sizes=\"auto, (max-width: 300px) 100vw, 300px\" \/><figcaption id=\"caption-attachment-961\" class=\"wp-caption-text\">Kleine Erfrischung mit Thermalwasser<\/figcaption><\/figure>\n<p>Ein besonders praktisches Ausr\u00fcstungsst\u00fcck ist meine Faltsch\u00fcssel von <a href=\"https:\/\/www.ortlieb.com\/de\/Faltsch%C3%BCssel\/\"><em>Ortlieb<\/em><\/a>. Ich habe sie vor etlichen Jahren als Sp\u00fclsch\u00fcssel f\u00fcrs Camping gekauft. Zwischenzeitlich habe ich diese Vielseitigkeitswunder auf Reisen schon als Wassereimer, Hundenapf, Babybadewanne, Miniplanschbecken, Ernteeimer, Einkaufskorb \u00a0&#8211; und sogar einige Male auch tats\u00e4chlich \u00a0zum Sp\u00fclen eingesetzt.<\/p>\n<p><img loading=\"lazy\" decoding=\"async\" class=\"size-medium wp-image-341 alignright\" src=\"http:\/\/fernwehkinder.de\/wp-content\/uploads\/2016\/07\/13435380_10204928512851407_7650073458850475473_n-165x300.jpg\" alt=\"13435380_10204928512851407_7650073458850475473_n\" width=\"165\" height=\"300\" srcset=\"https:\/\/fernwehkinder.de\/wp-content\/uploads\/2016\/07\/13435380_10204928512851407_7650073458850475473_n-165x300.jpg 165w, https:\/\/fernwehkinder.de\/wp-content\/uploads\/2016\/07\/13435380_10204928512851407_7650073458850475473_n.jpg 528w\" sizes=\"auto, (max-width: 165px) 100vw, 165px\" \/>Sie misst 28 x 28 x 14 cm, hat zwei praktische Tragegurte, fasst 10 l, ist 260 g leicht und so klein rollbar, dass eine Schlangengurke mehr Platz im Gep\u00e4ck ben\u00f6tigt. Entsprechend ist sie bei jeder Wanderung, jeder Radtour, jeder Reise dabei. Wenn wir beim Wandern im Sommer einen Brunnen finden,<\/p>\n<figure id=\"attachment_737\" aria-describedby=\"caption-attachment-737\" style=\"width: 300px\" class=\"wp-caption alignleft\"><img loading=\"lazy\" decoding=\"async\" class=\"size-medium wp-image-737\" src=\"http:\/\/fernwehkinder.de\/wp-content\/uploads\/2016\/08\/P8171291-300x225.jpg\" alt=\"OLYMPUS DIGITAL CAMERA\" width=\"300\" height=\"225\" srcset=\"https:\/\/fernwehkinder.de\/wp-content\/uploads\/2016\/08\/P8171291-300x225.jpg 300w, https:\/\/fernwehkinder.de\/wp-content\/uploads\/2016\/08\/P8171291-768x576.jpg 768w, https:\/\/fernwehkinder.de\/wp-content\/uploads\/2016\/08\/P8171291-1024x768.jpg 1024w\" sizes=\"auto, (max-width: 300px) 100vw, 300px\" \/><figcaption id=\"caption-attachment-737\" class=\"wp-caption-text\">Saufpause f\u00fcr Bathida<\/figcaption><\/figure>\n<p>dessen Wasserspiegel f\u00fcr die Hunde unerreichbar ist, wird die Sch\u00fcssel gef\u00fcllt. Finden wir bei einer Herbstwanderung Schlehen oder Kastanien, wandern sie in die Sch\u00fcssel. Kommen wir bei der<\/p>\n<p>Recherche unerwartet bei einer Thermalquelle vorbei, d\u00fcrfen die Babys mit dem gesunden Wasser in der Sch\u00fcssel planschen, w\u00e4hrend wir Gro\u00dfen richtig ins Wasser gehen.<\/p>\n<p>Ich\u00a0\u00fcberlege zwar\u00a0schon lange, eine zweite Faltsch\u00fcssel zu kaufen. Aber welche Gr\u00f6\u00dfe soll sie haben? Es gibt die quadratische Sch\u00fcssel mit 5 l, 10 l und 20 l Inhalt, au\u00dferdem eine Wanne mit 50 l Inhalt. Ich kann mich nicht entscheiden.<\/p>\n<hr \/>\n<p>Aktuell kostet meine\u00a010 l Sch\u00fcssel im Ortlieb Shop 22,95 \u20ac. Ich habe damals um die 25 DM bezahlt, glaube ich.<\/p>\n<hr \/>\n<p>Ich benutze diese Sch\u00fcssel ungef\u00e4hr seit 2002\u00a0\u00a0und sie ist noch wie neu.<\/p>\n<hr \/>\n<p>Stand: September\u00a02016<\/p>\n","protected":false},"excerpt":{"rendered":"<p>Ein besonders praktisches Ausr\u00fcstungsst\u00fcck ist meine Faltsch\u00fcssel von Ortlieb. Ich habe sie vor etlichen Jahren als Sp\u00fclsch\u00fcssel f\u00fcrs Camping gekauft. Zwischenzeitlich habe ich&#8230;<\/p>\n","protected":false},"author":1,"featured_media":961,"parent":498,"menu_order":0,"comment_status":"closed","ping_status":"closed","template":"","meta":{"jetpack_post_was_ever_published":false,"footnotes":""},"class_list":["post-958","page","type-page","status-publish","has-post-thumbnail","hentry"],"jetpack_sharing_enabled":true,"jetpack-related-posts":[],"jetpack_likes_enabled":true,"_links":{"self":[{"href":"https:\/\/fernwehkinder.de\/index.php?rest_route=\/wp\/v2\/pages\/958","targetHints":{"allow":["GET"]}}],"collection":[{"href":"https:\/\/fernwehkinder.de\/index.php?rest_route=\/wp\/v2\/pages"}],"about":[{"href":"https:\/\/fernwehkinder.de\/index.php?rest_route=\/wp\/v2\/types\/page"}],"author":[{"embeddable":true,"href":"https:\/\/fernwehkinder.de\/index.php?rest_route=\/wp\/v2\/users\/1"}],"replies":[{"embeddable":true,"href":"https:\/\/fernwehkinder.de\/index.php?rest_route=%2Fwp%2Fv2%2Fcomments&post=958"}],"version-history":[{"count":0,"href":"https:\/\/fernwehkinder.de\/index.php?rest_route=\/wp\/v2\/pages\/958\/revisions"}],"up":[{"embeddable":true,"href":"https:\/\/fernwehkinder.de\/index.php?rest_route=\/wp\/v2\/pages\/498"}],"wp:featuredmedia":[{"embeddable":true,"href":"https:\/\/fernwehkinder.de\/index.php?rest_route=\/wp\/v2\/media\/961"}],"wp:attachment":[{"href":"https:\/\/fernwehkinder.de\/index.php?rest_route=%2Fwp%2Fv2%2Fmedia&parent=958"}],"curies":[{"name":"wp","href":"https:\/\/api.w.org\/{rel}","templated":true}]}}